{"id":1460,"date":"2019-03-20T15:10:47","date_gmt":"2019-03-20T15:10:47","guid":{"rendered":"https:\/\/sierplant.be\/newsite\/?page_id=1460"},"modified":"2023-03-08T17:13:56","modified_gmt":"2023-03-08T17:13:56","slug":"lagerstroemiaalgemeen","status":"publish","type":"page","link":"https:\/\/sierplant.be\/de\/lagerstroemiaalgemeen\/","title":{"rendered":"Lagerstroemia"},"content":{"rendered":"<div id=\"fws_69e993eb78a8f\"  data-column-margin=\"default\" data-midnight=\"dark\"  class=\"wpb_row vc_row-fluid vc_row full-width-content vc_row-o-equal-height vc_row-flex vc_row-o-content-middle\"  style=\"padding-top: 0px; padding-bottom: 0px; \"><div class=\"row-bg-wrap\" data-bg-animation=\"none\" data-bg-animation-delay=\"\" data-bg-overlay=\"false\"><div class=\"inner-wrap row-bg-layer\" ><div class=\"row-bg viewport-desktop\"  style=\"\"><\/div><\/div><\/div><div class=\"nectar-shape-divider-wrap\" style=\" height:200px;\"  data-height=\"200\" data-front=\"true\" data-style=\"curve_opacity\" data-position=\"top\" ><svg class=\"nectar-shape-divider\" fill=\"#ffffff\" xmlns=\"http:\/\/www.w3.org\/2000\/svg\" viewbox=\"0 0 1000 100\" preserveaspectratio=\"none\"> <path d=\"M 0 14 s 88.64 3.48 300 36 c 260 40 514 27 703 -10 l 12 28 l 3 36 h -1018 z\"><\/path> <path d=\"M 0 45 s 271 45.13 500 32 c 157 -9 330 -47 515 -63 v 86 h -1015 z\"><\/path> <path d=\"M 0 58 s 188.29 32 508 32 c 290 0 494 -35 494 -35 v 45 h -1002 z\"><\/path> <\/svg><\/div><div class=\"row_col_wrap_12 col span_12 dark left\">\n\t<div style=\"\" class=\"vc_col-sm-4 wpb_column column_container vc_column_container col no-extra-padding inherit_tablet inherit_phone\" data-using-bg=\"true\" data-padding-pos=\"all\" data-has-bg-color=\"false\" data-bg-color=\"\" data-bg-opacity=\"1\" data-animation=\"\" data-delay=\"0\" >\n\t\t<div class=\"vc_column-inner\" ><div class=\"column-image-bg-wrap column-bg-layer viewport-desktop\" data-bg-pos=\"center bottom\" data-bg-animation=\"none\" data-bg-overlay=\"false\"><div class=\"inner-wrap\"><div class=\"column-image-bg\" style=\" background-image: url('https:\/\/sierplant.be\/wp-content\/uploads\/2023\/03\/lagerstroemia_bg-algemeen.jpg'); \"><\/div><\/div><\/div>\n\t\t\t<div class=\"wpb_wrapper\">\n\t\t\t\t<div class=\"divider-wrap\" data-alignment=\"default\"><div style=\"height: 550px;\" class=\"divider\"><\/div><\/div>\n\t\t\t<\/div> \n\t\t<\/div>\n\t<\/div> \n\n\t<div style=\"\" class=\"vc_col-sm-8 wpb_column column_container vc_column_container col padding-8-percent inherit_tablet inherit_phone\" data-using-bg=\"true\" data-padding-pos=\"all\" data-has-bg-color=\"true\" data-bg-color=\"#ffffff\" data-bg-opacity=\"1\" data-animation=\"\" data-delay=\"0\" >\n\t\t<div class=\"vc_column-inner\" ><div class=\"column-bg-overlay-wrap column-bg-layer\" data-bg-animation=\"none\"><div class=\"column-bg-overlay\" style=\"opacity: 1; background-color: #ffffff;\"><\/div><\/div>\n\t\t\t<div class=\"wpb_wrapper\">\n\t\t\t\t\n<div class=\"nectar-animated-title\" data-style=\"color-strip-reveal\" data-color=\"accent-color\">\n\t<div class=\"nectar-animated-title-outer\">\n\t\t<div class=\"nectar-animated-title-inner\">\n\t\t\t<div class=\"wrap\"><h5 style=\"color: #ffffff;\">Lagerstroemia | Elfenflieder<\/h5><\/div>\n\t\t<\/div>\n\t<\/div>\n<\/div><h2 style=\"font-size: 42px;line-height: 52px;text-align: left\" class=\"vc_custom_heading vc_do_custom_heading\" >Allgemein<\/h2>\n<div class=\"wpb_text_column wpb_content_element  vc_custom_1677845482919\" >\n\t<p><img loading=\"lazy\" decoding=\"async\" class=\"size-medium wp-image-2345 alignright\" src=\"https:\/\/sierplant.be\/wp-content\/uploads\/2023\/03\/Plantofthefuture-256x300.png\" alt=\"\" width=\"256\" height=\"300\" srcset=\"https:\/\/sierplant.be\/wp-content\/uploads\/2023\/03\/Plantofthefuture-256x300.png 256w, https:\/\/sierplant.be\/wp-content\/uploads\/2023\/03\/Plantofthefuture.png 449w\" sizes=\"auto, (max-width: 256px) 100vw, 256px\" \/>Die reich bl\u00fchenden Sorten von Lagerstroemia Indica und Kreuzungen mit Lagerstroemia fauriei und limi sind auf dem besten Weg, die Herzen aller Pflanzenliebhaber zu erobern. Neu veredelte Sorten von Lagerstroemia Indica wachsen und bl\u00fchen in unserem Klima hervorragend. Eine Lagerstroemia (Elfenflieder, Indischer Flieder, Sommerflieder, K\u00f6nigin der Blumen) in voller Sonne bietet Ihrem Garten einen bemerkenswerten Blickfang.<\/p>\n<\/div>\n\n\n\n<div class=\"nectar-cta  alignment_tablet_default alignment_phone_default\" data-color=\"default\" data-using-bg=\"false\" data-style=\"see-through\" data-display=\"block\" data-alignment=\"left\" data-text-color=\"custom\" style=\"--nectar-text-color: #698240; --nectar-button-color: var(--nectar-default); --nectar-icon-gap: 10px; \"><h5 style=\"color: #698240;\"> <span class=\"text\"> <\/span><span class=\"link_wrap\" ><a  class=\"link_text\" role=\"button\" href=\"#\">Wartung<span class=\"arrow\"><\/span><\/a><\/span><\/h5><\/div>\n\t\t\t<\/div> \n\t\t<\/div>\n\t<\/div> \n<\/div><\/div>\n\t\t<div id=\"fws_69e993eb7a6ba\"  data-column-margin=\"default\" data-midnight=\"light\" data-top-percent=\"4%\" data-bottom-percent=\"4%\"  class=\"wpb_row vc_row-fluid vc_row full-width-section has-row-bg-color vc_row-o-equal-height vc_row-flex vc_row-o-content-middle\"  style=\"padding-top: calc(100vw * 0.04); padding-bottom: calc(100vw * 0.04); --row-bg-color: #ffffff;\"><div class=\"row-bg-wrap\" data-bg-animation=\"none\" data-bg-animation-delay=\"\" data-bg-overlay=\"true\"><div class=\"inner-wrap row-bg-layer using-image\" ><div class=\"row-bg viewport-desktop using-image using-bg-color\"  style=\"background-image: url(https:\/\/sierplant.be\/wp-content\/uploads\/2019\/03\/Lagerstroemia_bg_bedrijf.jpg); background-position: center center; background-repeat: no-repeat; background-color: #ffffff; \"><\/div><\/div><div class=\"row-bg-overlay row-bg-layer\" style=\"background-color:#000000;  opacity: 0.8; \"><\/div><\/div><div class=\"row_col_wrap_12 col span_12 light left\">\n\t<div  class=\"vc_col-sm-8 wpb_column column_container vc_column_container col no-extra-padding inherit_tablet inherit_phone\"  data-padding-pos=\"all\" data-has-bg-color=\"false\" data-bg-color=\"\" data-bg-opacity=\"1\" data-animation=\"\" data-delay=\"0\" >\n\t\t<div class=\"vc_column-inner\" >\n\t\t\t<div class=\"wpb_wrapper\">\n\t\t\t\t<h2 style=\"font-size: 42px;line-height: 52px;text-align: left\" class=\"vc_custom_heading vc_do_custom_heading\" >Die Leidenschaft der Zierpflanzeng\u00e4rtnerei Devriese-Luyssen<\/h2>\n<div class=\"wpb_text_column wpb_content_element  vc_custom_1553097837085\" >\n\t<p>In der Zierpflanzeng\u00e4rtnerei Devriese-Luyssen atmet jede Lagerstroemia die professionelle Leidenschaft der Selektion. Das Unternehmen ist ein Pionier in den Benelux-L\u00e4ndern, wenn es um die Z\u00fcchtung und Selektion von Lorbeer und Lagerstroemia geht. In der Vergangenheit brachten die Gesch\u00e4ftsf\u00fchrer erfolgreich Laurus \u2018Bay Junior\u2019, \u2018Chichester\u2019 und \u2018Popeye\u2019 auf den Markt, neue stilvolle Lorbeerb\u00e4ume, die schnell die Herzen echter Pflanzenliebhaber eroberten.<\/p>\n<p>Die Zierpflanzeng\u00e4rtnerei Devriese-Luyssen hat das Pfl\u00fccken im Blut und konzentriert sich heute auf die Pr\u00fcfung von aus Amerika importierten Lagerstroemia-Arten. Vor zehn Jahren begannen die ersten Tests und Zuchtprogramme. Jetzt, ein Jahrzehnt sp\u00e4ter, sind die Ergebnisse verbl\u00fcffend.<\/p>\n<\/div>\n\n\n\n\n\t\t\t<\/div> \n\t\t<\/div>\n\t<\/div> \n\n\t<div  class=\"vc_col-sm-4 wpb_column column_container vc_column_container col padding-3-percent inherit_tablet inherit_phone\"  data-padding-pos=\"all\" data-has-bg-color=\"false\" data-bg-color=\"\" data-bg-opacity=\"1\" data-animation=\"\" data-delay=\"0\" >\n\t\t<div class=\"vc_column-inner\" >\n\t\t\t<div class=\"wpb_wrapper\">\n\t\t\t\t<div class=\"img-with-aniamtion-wrap center\" data-max-width=\"100%\" data-max-width-mobile=\"default\" data-shadow=\"none\" data-animation=\"fade-in\" >\n      <div class=\"inner\">\n        <div class=\"hover-wrap\"> \n          <div class=\"hover-wrap-inner\">\n            <img loading=\"lazy\" decoding=\"async\" class=\"img-with-animation skip-lazy\" data-delay=\"0\" height=\"200\" width=\"150\" data-animation=\"fade-in\" src=\"https:\/\/sierplant.be\/wp-content\/uploads\/2019\/03\/bloeiende-wingene-th.jpg\" alt=\"\"  \/>\n          <\/div>\n        <\/div>\n        \n      <\/div>\n    <\/div>\n<div class=\"wpb_text_column wpb_content_element  vc_custom_1553097158487\" >\n\t<p style=\"text-align: center;\">Stimmungsalbum Lagerstroemia:<br \/>\nB(l)oeiend in Wingene.<\/p>\n<\/div>\n\n\n\n\n\t\t\t<\/div> \n\t\t<\/div>\n\t<\/div> \n<\/div><\/div>\n\t\t<div id=\"fws_69e993eb7b585\"  data-column-margin=\"default\" data-midnight=\"dark\" data-top-percent=\"4%\" data-bottom-percent=\"4%\"  class=\"wpb_row vc_row-fluid vc_row full-width-section has-row-bg-color vc_row-o-equal-height vc_row-flex vc_row-o-content-middle\"  style=\"padding-top: calc(100vw * 0.04); padding-bottom: calc(100vw * 0.04); --row-bg-color: #ffffff;\"><div class=\"row-bg-wrap\" data-bg-animation=\"none\" data-bg-animation-delay=\"\" data-bg-overlay=\"false\"><div class=\"inner-wrap row-bg-layer\" ><div class=\"row-bg viewport-desktop using-bg-color\"  style=\"background-color: #ffffff; \"><\/div><\/div><\/div><div class=\"row_col_wrap_12 col span_12 dark left\">\n\t<div  class=\"vc_col-sm-8 wpb_column column_container vc_column_container col no-extra-padding inherit_tablet inherit_phone\"  data-padding-pos=\"all\" data-has-bg-color=\"false\" data-bg-color=\"\" data-bg-opacity=\"1\" data-animation=\"\" data-delay=\"0\" >\n\t\t<div class=\"vc_column-inner\" >\n\t\t\t<div class=\"wpb_wrapper\">\n\t\t\t\t<h2 style=\"font-size: 42px;line-height: 52px;text-align: left\" class=\"vc_custom_heading vc_do_custom_heading\" >Die Lagerstroemia erobert Flandern und die Niederlande<\/h2>\n<div class=\"wpb_text_column wpb_content_element  vc_custom_1553097807284\" >\n\t<p>Die Lagerstroemia ist urspr\u00fcnglich eine exotische Pflanze, die in warmen Gebieten gedeiht. Es war daher eine Herausforderung, winterharte Sorten zu entwickeln. Devriese-Luyssen bietet jetzt eine Reihe von Lagerstroemia-Sorten an, die unter unseren klimatischen Bedingungen sehr gut gedeihen.<\/p>\n<p>Mit ihrer atemberaubenden Bl\u00fctenpracht wird die Lagerstroemia in vielen G\u00e4rten und Terrassen ein gern gesehener Gast sein.<\/p>\n<\/div>\n\n\n\n\n\t\t\t<\/div> \n\t\t<\/div>\n\t<\/div> \n\n\t<div  class=\"vc_col-sm-4 wpb_column column_container vc_column_container col padding-3-percent inherit_tablet inherit_phone\"  data-padding-pos=\"all\" data-has-bg-color=\"false\" data-bg-color=\"\" data-bg-opacity=\"1\" data-animation=\"\" data-delay=\"0\" >\n\t\t<div class=\"vc_column-inner\" >\n\t\t\t<div class=\"wpb_wrapper\">\n\t\t\t\t<div class=\"img-with-aniamtion-wrap center\" data-max-width=\"100%\" data-max-width-mobile=\"default\" data-border-radius=\"5px\" data-shadow=\"none\" data-animation=\"fade-in\" >\n      <div class=\"inner\">\n        <div class=\"hover-wrap\"> \n          <div class=\"hover-wrap-inner\">\n            <img loading=\"lazy\" decoding=\"async\" class=\"img-with-animation skip-lazy\" data-delay=\"0\" height=\"397\" width=\"600\" data-animation=\"fade-in\" src=\"https:\/\/sierplant.be\/wp-content\/uploads\/2019\/03\/lagerstroemia_sierplant1.jpg\" alt=\"\" srcset=\"https:\/\/sierplant.be\/wp-content\/uploads\/2019\/03\/lagerstroemia_sierplant1.jpg 600w, https:\/\/sierplant.be\/wp-content\/uploads\/2019\/03\/lagerstroemia_sierplant1-300x199.jpg 300w\" sizes=\"auto, (max-width: 600px) 100vw, 600px\" \/>\n          <\/div>\n        <\/div>\n        \n      <\/div>\n    <\/div>\n\t\t\t<\/div> \n\t\t<\/div>\n\t<\/div> \n<\/div><\/div>\n\t\t<div id=\"fws_69e993eb7c275\"  data-column-margin=\"default\" data-midnight=\"dark\" data-top-percent=\"4%\" data-bottom-percent=\"4%\"  class=\"wpb_row vc_row-fluid vc_row full-width-section vc_row-o-equal-height vc_row-flex vc_row-o-content-middle\"  style=\"padding-top: calc(100vw * 0.04); padding-bottom: calc(100vw * 0.04); \"><div class=\"row-bg-wrap\" data-bg-animation=\"none\" data-bg-animation-delay=\"\" data-bg-overlay=\"false\"><div class=\"inner-wrap row-bg-layer\" ><div class=\"row-bg viewport-desktop\"  style=\"\"><\/div><\/div><\/div><div class=\"row_col_wrap_12 col span_12 dark left\">\n\t<div  class=\"vc_col-sm-4 wpb_column column_container vc_column_container col padding-3-percent inherit_tablet inherit_phone\"  data-padding-pos=\"all\" data-has-bg-color=\"false\" data-bg-color=\"\" data-bg-opacity=\"1\" data-animation=\"\" data-delay=\"0\" >\n\t\t<div class=\"vc_column-inner\" >\n\t\t\t<div class=\"wpb_wrapper\">\n\t\t\t\t<div class=\"img-with-aniamtion-wrap center\" data-max-width=\"100%\" data-max-width-mobile=\"default\" data-border-radius=\"5px\" data-shadow=\"none\" data-animation=\"fade-in\" >\n      <div class=\"inner\">\n        <div class=\"hover-wrap\"> \n          <div class=\"hover-wrap-inner\">\n            <img loading=\"lazy\" decoding=\"async\" class=\"img-with-animation skip-lazy\" data-delay=\"0\" height=\"979\" width=\"1478\" data-animation=\"fade-in\" src=\"https:\/\/sierplant.be\/wp-content\/uploads\/2019\/03\/WorldsFair_Lagerstroemia-sierplant-1.jpg\" alt=\"\" srcset=\"https:\/\/sierplant.be\/wp-content\/uploads\/2019\/03\/WorldsFair_Lagerstroemia-sierplant-1.jpg 1478w, https:\/\/sierplant.be\/wp-content\/uploads\/2019\/03\/WorldsFair_Lagerstroemia-sierplant-1-600x397.jpg 600w, https:\/\/sierplant.be\/wp-content\/uploads\/2019\/03\/WorldsFair_Lagerstroemia-sierplant-1-300x199.jpg 300w, https:\/\/sierplant.be\/wp-content\/uploads\/2019\/03\/WorldsFair_Lagerstroemia-sierplant-1-768x509.jpg 768w, https:\/\/sierplant.be\/wp-content\/uploads\/2019\/03\/WorldsFair_Lagerstroemia-sierplant-1-1024x678.jpg 1024w\" sizes=\"auto, (max-width: 1478px) 100vw, 1478px\" \/>\n          <\/div>\n        <\/div>\n        \n      <\/div>\n    <\/div>\n\t\t\t<\/div> \n\t\t<\/div>\n\t<\/div> \n\n\t<div  class=\"vc_col-sm-8 wpb_column column_container vc_column_container col no-extra-padding inherit_tablet inherit_phone\"  data-padding-pos=\"all\" data-has-bg-color=\"false\" data-bg-color=\"\" data-bg-opacity=\"1\" data-animation=\"\" data-delay=\"0\" >\n\t\t<div class=\"vc_column-inner\" >\n\t\t\t<div class=\"wpb_wrapper\">\n\t\t\t\t<h2 style=\"font-size: 42px;line-height: 52px;text-align: left\" class=\"vc_custom_heading vc_do_custom_heading\" >Im freien Gel\u00e4nde oder auf der Terrasse<\/h2>\n<div class=\"wpb_text_column wpb_content_element  vc_custom_1553098282612\" >\n\t<p>Die aktuellen Lagerstroemia aus dem Sortiment der Zierpflanzeng\u00e4rtnerei Devriese-Luyssen gedeihen in unserem gem\u00e4\u00dfigten maritimen Klima pr\u00e4chtig. Im Topf oder in voller Erde wird die Lagerstroemia zu einem Prunkst\u00fcck in Ihrem Garten oder auf Ihrer Terrasse. Sie ist eine vielseitige Pflanze, die von Juli bis September unz\u00e4hlige gef\u00fcllte Bl\u00fctenb\u00fcschel hervorbringt, ein wahrer Riesenstrau\u00df auf Ihrer Terrasse oder in Ihrem Garten. Erh\u00e4ltlich in Wei\u00df, Rosa oder Rot. Alle Lagerstroemien sind als K\u00fcbelpflanzen geeignet, auch die Sorten, die in voller Erde wachsen. Die speziellen K\u00fcbelpflanzenlagerstroemia bieten jedoch das gewisse Extra, da sie auf einen Stiel gepfropft sind.<\/p>\n<\/div>\n\n\n\n\n\t\t\t<\/div> \n\t\t<\/div>\n\t<\/div> \n<\/div><\/div>\n\t\t<div id=\"fws_69e993eb7cefb\"  data-column-margin=\"default\" data-midnight=\"dark\" data-top-percent=\"4%\" data-bottom-percent=\"4%\"  class=\"wpb_row vc_row-fluid vc_row full-width-section has-row-bg-color\"  style=\"padding-top: calc(100vw * 0.04); padding-bottom: calc(100vw * 0.04); --row-bg-color: #ffffff;\"><div class=\"row-bg-wrap\" data-bg-animation=\"none\" data-bg-animation-delay=\"\" data-bg-overlay=\"false\"><div class=\"inner-wrap row-bg-layer\" ><div class=\"row-bg viewport-desktop using-bg-color\"  style=\"background-color: #ffffff; \"><\/div><\/div><\/div><div class=\"row_col_wrap_12 col span_12 dark left\">\n\t<div  class=\"vc_col-sm-6 wpb_column column_container vc_column_container col no-extra-padding inherit_tablet inherit_phone\"  data-padding-pos=\"all\" data-has-bg-color=\"false\" data-bg-color=\"\" data-bg-opacity=\"1\" data-animation=\"\" data-delay=\"0\" >\n\t\t<div class=\"vc_column-inner\" >\n\t\t\t<div class=\"wpb_wrapper\">\n\t\t\t\t<div class=\"img-with-aniamtion-wrap center\" data-max-width=\"100%\" data-max-width-mobile=\"default\" data-shadow=\"none\" data-animation=\"fade-in\" >\n      <div class=\"inner\">\n        <div class=\"hover-wrap\"> \n          <div class=\"hover-wrap-inner\">\n            <img loading=\"lazy\" decoding=\"async\" class=\"img-with-animation skip-lazy\" data-delay=\"0\" height=\"263\" width=\"300\" data-animation=\"fade-in\" src=\"https:\/\/sierplant.be\/wp-content\/uploads\/2019\/03\/flyer-helios.jpg\" alt=\"\"  \/>\n          <\/div>\n        <\/div>\n        \n      <\/div>\n    <\/div>\n<div class=\"wpb_text_column wpb_content_element\" >\n\t<p style=\"text-align: center;\">Info-Flyer in:<\/p>\n<p style=\"text-align: center;\">\u00a0<strong><a href=\"http:\/\/sierplant.be\/de\/flyers\/helios\/Nederlands.pdf\/\" target=\"_blank\" rel=\"noopener\">Niederl\u00e4ndisch<\/a><\/strong>,\u00a0<strong><a href=\"http:\/\/sierplant.be\/de\/flyers\/helios\/Francais.pdf\/\" target=\"_blank\" rel=\"noopener\">Franz\u00f6sisch<\/a><\/strong>,\u00a0<strong><a href=\"http:\/\/sierplant.be\/de\/flyers\/helios\/Deutsch.pdf\/\" target=\"_blank\" rel=\"noopener\">Deutsch<\/a><\/strong>,\u00a0<strong><a href=\"http:\/\/sierplant.be\/de\/flyers\/helios\/English.pdf\/\" target=\"_blank\" rel=\"noopener\">Englisch<\/a><\/strong><\/p>\n<\/div>\n\n\n\n\n\t\t\t<\/div> \n\t\t<\/div>\n\t<\/div> \n\n\t<div  class=\"vc_col-sm-6 wpb_column column_container vc_column_container col no-extra-padding inherit_tablet inherit_phone\"  data-padding-pos=\"all\" data-has-bg-color=\"false\" data-bg-color=\"\" data-bg-opacity=\"1\" data-animation=\"\" data-delay=\"0\" >\n\t\t<div class=\"vc_column-inner\" >\n\t\t\t<div class=\"wpb_wrapper\">\n\t\t\t\t\n<div class=\"wpb_text_column wpb_content_element  vc_custom_1553095285314\" >\n\t<h5><span style=\"color: #999999;\">Mehr Informationen \u00fcber die<\/span><\/h5>\n<h2>\u201cMusen des Hellios\u201d<\/h2>\n<\/div>\n\n\n\n\n\t\t\t<\/div> \n\t\t<\/div>\n\t<\/div> \n<\/div><\/div>","protected":false},"excerpt":{"rendered":"Lagerstroemia | Elfen sering Algemeen De rijkelijk bloeiende soorten Lagerstroemia Indica en kruisingen met Lagerstroemia fauriei en limi zijn goed op weg om de harten van alle plantenliefhebbers te veroveren....","protected":false},"author":1,"featured_media":0,"parent":0,"menu_order":0,"comment_status":"closed","ping_status":"closed","template":"","meta":{"_acf_changed":false,"footnotes":""},"class_list":["post-1460","page","type-page","status-publish"],"acf":[],"_links":{"self":[{"href":"https:\/\/sierplant.be\/de\/wp-json\/wp\/v2\/pages\/1460","targetHints":{"allow":["GET"]}}],"collection":[{"href":"https:\/\/sierplant.be\/de\/wp-json\/wp\/v2\/pages"}],"about":[{"href":"https:\/\/sierplant.be\/de\/wp-json\/wp\/v2\/types\/page"}],"author":[{"embeddable":true,"href":"https:\/\/sierplant.be\/de\/wp-json\/wp\/v2\/users\/1"}],"replies":[{"embeddable":true,"href":"https:\/\/sierplant.be\/de\/wp-json\/wp\/v2\/comments?post=1460"}],"version-history":[{"count":6,"href":"https:\/\/sierplant.be\/de\/wp-json\/wp\/v2\/pages\/1460\/revisions"}],"predecessor-version":[{"id":2363,"href":"https:\/\/sierplant.be\/de\/wp-json\/wp\/v2\/pages\/1460\/revisions\/2363"}],"wp:attachment":[{"href":"https:\/\/sierplant.be\/de\/wp-json\/wp\/v2\/media?parent=1460"}],"curies":[{"name":"wp","href":"https:\/\/api.w.org\/{rel}","templated":true}]}}