{"id":3222,"date":"2026-01-30T12:58:08","date_gmt":"2026-01-30T12:58:08","guid":{"rendered":"https:\/\/sierplant.be\/?page_id=3222"},"modified":"2026-01-30T13:01:12","modified_gmt":"2026-01-30T13:01:12","slug":"privacybeleid","status":"publish","type":"page","link":"https:\/\/sierplant.be\/de\/privacybeleid\/","title":{"rendered":"Datenschutzbestimmungen"},"content":{"rendered":"<div id=\"fws_69e991ed8efb5\"  data-column-margin=\"default\" data-midnight=\"dark\" data-top-percent=\"7%\"  class=\"wpb_row vc_row-fluid vc_row full-width-section has-row-bg-color vc_row-o-equal-height vc_row-flex vc_row-o-content-top\"  style=\"padding-top: calc(100vw * 0.07); padding-bottom: 0px; --row-bg-color: #efefef;\"><div class=\"row-bg-wrap\" data-bg-animation=\"none\" data-bg-animation-delay=\"\" data-bg-overlay=\"false\"><div class=\"inner-wrap row-bg-layer\" ><div class=\"row-bg viewport-desktop using-bg-color\"  style=\"background-color: #efefef; \"><\/div><\/div><\/div><div class=\"nectar-shape-divider-wrap no-color\" style=\" height:170px;\"  data-height=\"170\" data-front=\"true\" data-style=\"mountains\" data-position=\"top\" ><svg class=\"nectar-shape-divider\" fill=\"\" xmlns=\"http:\/\/www.w3.org\/2000\/svg\" viewbox=\"0 0 1000 300\" preserveaspectratio=\"none\">\n          <path d=\"M 1014 264 v 122 h -808 l -172 -86 s 310.42 -22.84 402 -79 c 106 -65 154 -61 268 -12 c 107 46 195.11 5.94 275 137 z\"><\/path>   <path d=\"M -302 55 s 235.27 208.25 352 159 c 128 -54 233 -98 303 -73 c 92.68 33.1 181.28 115.19 235 108 c 104.9 -14 176.52 -173.06 267 -118 c 85.61 52.09 145 123 145 123 v 74 l -1306 10 z\"><\/path>\n          <path d=\"M -286 255 s 214 -103 338 -129 s 203 29 384 101 c 145.57 57.91 178.7 50.79 272 0 c 79 -43 301 -224 385 -63 c 53 101.63 -62 129 -62 129 l -107 84 l -1212 12 z\"><\/path>\n          <path d=\"M -24 69 s 299.68 301.66 413 245 c 8 -4 233 2 284 42 c 17.47 13.7 172 -132 217 -174 c 54.8 -51.15 128 -90 188 -39 c 76.12 64.7 118 99 118 99 l -12 132 l -1212 12 z\"><\/path>\n          <path d=\"M -12 201 s 70 83 194 57 s 160.29 -36.77 274 6 c 109 41 184.82 24.36 265 -15 c 55 -27 116.5 -57.69 214 4 c 49 31 95 26 95 26 l -6 151 l -1036 10 z\"><\/path> <\/svg><\/div><div class=\"row_col_wrap_12 col span_12 dark left\">\n\t<div  class=\"vc_col-sm-12 wpb_column column_container vc_column_container col no-extra-padding inherit_tablet inherit_phone flex_gap_desktop_10px\"  data-padding-pos=\"all\" data-has-bg-color=\"false\" data-bg-color=\"\" data-bg-opacity=\"1\" data-animation=\"\" data-delay=\"0\" >\n\t\t<div class=\"vc_column-inner\" >\n\t\t\t<div class=\"wpb_wrapper\">\n\t\t\t\t<div class=\"nectar-split-heading\" data-align=\"default\" data-m-align=\"inherit\" data-text-effect=\"default\" data-animation-type=\"default\" data-animation-delay=\"0\" data-animation-offset=\"\" data-m-rm-animation=\"\" data-stagger=\"\" data-custom-font-size=\"false\" ><\/div><h1 style=\"text-align: left\" class=\"vc_custom_heading vc_do_custom_heading\" >Datenschutz &amp; Haftungsausschluss<\/h1>\n<div class=\"wpb_text_column wpb_content_element\" >\n\t<p>Willkommen auf der Website von <strong>a.Sierplant.be BV<\/strong>. Wir sch\u00e4tzen Ihre Privatsph\u00e4re und m\u00f6chten transparent machen, wie wir mit Daten umgehen und was Sie von unserer Website erwarten k\u00f6nnen. Durch den Besuch und die Nutzung dieser Website erkl\u00e4ren Sie sich mit den nachstehenden Bedingungen einverstanden.<\/p>\n<\/div>\n\n\n\n\n\t\t\t<\/div> \n\t\t<\/div>\n\t<\/div> \n<\/div><\/div>\n\t\t<div id=\"fws_69e991ed9099b\"  data-column-margin=\"default\" data-midnight=\"dark\"  class=\"wpb_row vc_row-fluid vc_row full-width-section has-row-bg-color\"  style=\"padding-top: 50px; padding-bottom: 0px; --row-bg-color: #efefef;\"><div class=\"row-bg-wrap\" data-bg-animation=\"none\" data-bg-animation-delay=\"\" data-bg-overlay=\"false\"><div class=\"inner-wrap row-bg-layer\" ><div class=\"row-bg viewport-desktop using-bg-color\"  style=\"background-color: #efefef; \"><\/div><\/div><\/div><div class=\"row_col_wrap_12 col span_12 dark left\">\n\t<div  class=\"vc_col-sm-12 wpb_column column_container vc_column_container col no-extra-padding inherit_tablet inherit_phone flex_gap_desktop_10px\"  data-padding-pos=\"all\" data-has-bg-color=\"false\" data-bg-color=\"\" data-bg-opacity=\"1\" data-animation=\"\" data-delay=\"0\" >\n\t\t<div class=\"vc_column-inner\" >\n\t\t\t<div class=\"wpb_wrapper\">\n\t\t\t\t\n<div class=\"wpb_text_column wpb_content_element  vc_custom_1769778052998\" >\n\t<h3><strong>Kontaktangaben<\/strong><\/h3>\n<p><strong>a.Sierplant.be BV<\/strong><br \/>\nSchewegestraat 6<br \/>\n8750 Wingene - Belgien<br \/>\nE-Mail: shop@sierplant.be<br \/>\nUnternehmensnummer: BE 0778.764.203<br \/>\nPflanzenpass (EG-Qualit\u00e4tsnummer): BE2.026.642.576<\/p>\n<h3><strong>Datenschutzbestimmungen<\/strong><\/h3>\n<p>a.Sierplant.be BV ist f\u00fcr die Verarbeitung personenbezogener Daten verantwortlich und trifft geeignete technische und organisatorische Ma\u00dfnahmen zum Schutz Ihrer Daten. Unsere Mitarbeiter handeln stets im Einklang mit einer strengen Sicherheits- und Vertraulichkeitspolitik.<\/p>\n<p>Der gr\u00f6\u00dfte Teil unserer Website kann ohne Angabe von personenbezogenen Daten besucht werden. Wenn wir Sie um pers\u00f6nliche Daten bitten (z. B. bei einer Bestellung oder \u00fcber das Kontaktformular), werden diese ausschlie\u00dflich f\u00fcr interne Zwecke und zur ordnungsgem\u00e4\u00dfen Erbringung unserer Dienstleistungen verwendet.<\/p>\n<p>Wir verwenden Ihre Daten <strong>nicht f\u00fcr Direktmarketing<\/strong> und geben ihnen <strong>niemals an Dritte<\/strong>, Partner oder andere Organisationen.<\/p>\n<p>Sie haben das Recht, Ihre personenbezogenen Daten jederzeit einzusehen, zu korrigieren, zu \u00e4ndern oder zu l\u00f6schen, in \u00dcbereinstimmung mit den geltenden Datenschutzgesetzen (AVG\/GDPR). Hierzu k\u00f6nnen Sie sich unter der oben genannten E-Mail-Adresse an uns wenden.<\/p>\n<h3><strong>Verwendung von Cookies<\/strong><\/h3>\n<p>W\u00e4hrend Ihres Besuchs auf unserer Website k\u00f6nnen Cookies auf Ihrem Computer oder Ger\u00e4t abgelegt werden. Cookies sind kleine Textdateien, die uns helfen, die Website benutzerfreundlicher zu gestalten und korrekt zu funktionieren.<\/p>\n<p>Cookies sind unter anderem notwendig f\u00fcr:<\/p>\n<ul>\n<li>den Einkaufskorb verwenden;<\/li>\n<li>die Erinnerung an Ihre Vorlieben;<\/li>\n<li>damit bestimmte Funktionen des Webshops korrekt funktionieren.<\/li>\n<\/ul>\n<p>Wir verwenden Cookies <strong>nicht<\/strong> Um Ihr Surfverhalten auf anderen Websites zu verfolgen.<\/p>\n<p>Sie k\u00f6nnen die Verwendung von Cookies \u00fcber die Einstellungen Ihres Internetbrowsers (wie Chrome, Firefox, Safari oder Edge) verwalten oder deaktivieren. Konsultieren Sie dazu die Hilfefunktion Ihres Browsers. a.Sierplant.be BV kann daf\u00fcr keine technische Unterst\u00fctzung leisten.<\/p>\n<h3><strong>Rechte an geistigem Eigentum<\/strong><\/h3>\n<p>Der gesamte Inhalt dieser Website - einschlie\u00dflich Texten, Bildern, Fotos, Logos, Marken, Designs, Produktnamen und Daten - ist durch geistige Eigentumsrechte gesch\u00fctzt und geh\u00f6rt a.Sierplant.be BV oder berechtigten Dritten.<\/p>\n<p>Es ist nicht gestattet, diesen Inhalt ohne vorherige schriftliche Zustimmung zu kopieren, zu verbreiten, anzupassen oder zu verwenden.<\/p>\n<h3><strong>Haftungsausschluss und Haftungsbeschr\u00e4nkung<\/strong><\/h3>\n<p>Die Informationen auf dieser Website sind allgemeiner Art und dienen nicht der pers\u00f6nlichen, beruflichen oder fachlichen Beratung. Wenn Sie spezifische Fragen haben oder eine pers\u00f6nliche Beratung w\u00fcnschen, k\u00f6nnen Sie uns jederzeit \u00fcber das Kontaktformular oder die E-Mail-Adresse kontaktieren.<\/p>\n<p>Wir bem\u00fchen uns nach Kr\u00e4ften, die Informationen auf dieser Website korrekt, vollst\u00e4ndig und aktuell zu halten. Dennoch kann es zu unbeabsichtigten Fehlern oder Auslassungen kommen. a.Sierplant.be BV kann nicht f\u00fcr direkte oder indirekte Sch\u00e4den haftbar gemacht werden, die sich aus der Nutzung der Informationen auf dieser Website ergeben.<\/p>\n<p>Sollten Ihnen Ungenauigkeiten auffallen, w\u00e4ren wir Ihnen dankbar, wenn Sie uns diese mitteilen w\u00fcrden, damit wir sie so schnell wie m\u00f6glich korrigieren k\u00f6nnen.<\/p>\n<p>Der Inhalt der Website kann jederzeit und ohne Vorank\u00fcndigung angepasst, ge\u00e4ndert oder erg\u00e4nzt werden. a.Sierplant.be BV gibt keine Garantie f\u00fcr das ordnungsgem\u00e4\u00dfe Funktionieren oder die st\u00e4ndige Verf\u00fcgbarkeit der Website und kann nicht f\u00fcr vor\u00fcbergehende Unterbrechungen, St\u00f6rungen oder technische Probleme haftbar gemacht werden.<\/p>\n<h3><strong>Links zu externen Websites<\/strong><\/h3>\n<p>Unsere Website kann Links zu Websites oder Seiten Dritter enthalten. Diese Links werden nur zu Ihrer Information oder Bequemlichkeit zur Verf\u00fcgung gestellt.<\/p>\n<p>a.Sierplant.be BV hat keine Kontrolle \u00fcber den Inhalt oder den Betrieb dieser externen Websites und kann nicht f\u00fcr deren Inhalt, Datenschutzpolitik oder Sch\u00e4den, die sich aus deren Nutzung ergeben, haftbar gemacht werden. Die Aufnahme eines Links bedeutet keine Billigung des Inhalts.<\/p>\n<h3><strong>Anwendbares Recht und zust\u00e4ndiges Gericht<\/strong><\/h3>\n<p>Diese Website und diese Datenschutz- und Haftungsausschlussbestimmungen unterliegen dem belgischen Recht. Im Falle eines Rechtsstreits sind ausschlie\u00dflich die zust\u00e4ndigen Gerichte des Bezirks Br\u00fcgge zust\u00e4ndig.<\/p>\n<p>&nbsp;<\/p>\n<\/div>\n\n\n\n\n\t\t\t<\/div> \n\t\t<\/div>\n\t<\/div> \n<\/div><\/div>","protected":false},"excerpt":{"rendered":"Privacy &amp; disclaimer Welkom op de website van a.Sierplant.be BV. We vinden jouw privacy belangrijk en willen transparant zijn over hoe we met gegevens omgaan en wat je van onze...","protected":false},"author":3,"featured_media":0,"parent":0,"menu_order":0,"comment_status":"closed","ping_status":"closed","template":"","meta":{"_acf_changed":false,"footnotes":""},"class_list":["post-3222","page","type-page","status-publish"],"acf":[],"_links":{"self":[{"href":"https:\/\/sierplant.be\/de\/wp-json\/wp\/v2\/pages\/3222","targetHints":{"allow":["GET"]}}],"collection":[{"href":"https:\/\/sierplant.be\/de\/wp-json\/wp\/v2\/pages"}],"about":[{"href":"https:\/\/sierplant.be\/de\/wp-json\/wp\/v2\/types\/page"}],"author":[{"embeddable":true,"href":"https:\/\/sierplant.be\/de\/wp-json\/wp\/v2\/users\/3"}],"replies":[{"embeddable":true,"href":"https:\/\/sierplant.be\/de\/wp-json\/wp\/v2\/comments?post=3222"}],"version-history":[{"count":3,"href":"https:\/\/sierplant.be\/de\/wp-json\/wp\/v2\/pages\/3222\/revisions"}],"predecessor-version":[{"id":3362,"href":"https:\/\/sierplant.be\/de\/wp-json\/wp\/v2\/pages\/3222\/revisions\/3362"}],"wp:attachment":[{"href":"https:\/\/sierplant.be\/de\/wp-json\/wp\/v2\/media?parent=3222"}],"curies":[{"name":"wp","href":"https:\/\/api.w.org\/{rel}","templated":true}]}}