{"id":2415,"date":"2026-01-01T15:51:24","date_gmt":"2026-01-01T15:51:24","guid":{"rendered":"https:\/\/sierplant.be\/?post_type=product&#038;p=2415"},"modified":"2026-03-22T16:46:19","modified_gmt":"2026-03-22T16:46:19","slug":"lagerstroemia-burgundy-cotton","status":"publish","type":"product","link":"https:\/\/sierplant.be\/de\/shop\/lagerstroemia\/lagerstroemia-burgundy-cotton\/","title":{"rendered":"Lagerstroemia \u2018Burgundy Cotton\u2019"},"content":{"rendered":"","protected":false},"excerpt":{"rendered":"<p><strong>Lagerstroemia indica \u2018Burgundy Cotton\u2019\u00ae<\/strong><br \/>\n<b><span dir=\"auto\">\u2018Whit VI\u2019<\/span><\/b><span dir=\"auto\">\u00a0(US-Pflanzenpatent Nr. 14.438): Laubabwerfender, aufrechter Strauch bis kleiner Baum, nach 3 Jahren bis zu 2,7 m hoch; junge Bl\u00e4tter sind oben und unten grau-violett (187A), reifen oben gr\u00fcn (139A) und unten gelb-gr\u00fcn (147B oder 147C); Bl\u00fctenst\u00e4nde 10 bis 35 cm hoch und 10 bis 30 cm breit, Bl\u00fcten erscheinen wei\u00df (155D) und reifen grau-violett (185C). (Gro\u00dfhandelspflanzenliste von Pleasant Run Nursery, 2012): \u201cBurgundy Cotton hat tief burgunderrote neue Triebe, die die roten Knospen betonen, die sich Mitte bis Ende des Sommers zu wei\u00dfen Bl\u00fcten \u00f6ffnen. Eine Einf\u00fchrung von Dr. Carl Whitcomb. Zone: 6 H: 3,6 m.\u201d Benannt und eingef\u00fchrt von Carl Whitcomb. Name registriert am 28. Januar 2014.<\/span><\/p>\n<p><span dir=\"auto\">=\u00a0<\/span><b><span dir=\"auto\">\u2018Whit VI\u2019<\/span><\/b><span dir=\"auto\"> BURGUNDY COTTON\u00ae. <em>(Quelle: <a href=\"https:\/\/www.usna.usda.gov\/science\/icra\/lagerstroemia\/\" target=\"_blank\" rel=\"noopener\">Checkliste Lagerstroemia USDA\/ARS National Arboretum<\/a> )<\/em><\/span><\/p>\n<p><span dir=\"auto\">\u00a0<\/span><\/p>","protected":false},"featured_media":2416,"comment_status":"closed","ping_status":"closed","template":"","meta":{"_acf_changed":false},"product_brand":[],"product_cat":[112],"product_tag":[],"class_list":{"0":"post-2415","1":"product","2":"type-product","3":"status-publish","4":"has-post-thumbnail","6":"product_cat-lagerstroemia","8":"first","9":"instock","10":"taxable","11":"shipping-taxable","12":"purchasable","13":"product-type-variable"},"acf":[],"_links":{"self":[{"href":"https:\/\/sierplant.be\/de\/wp-json\/wp\/v2\/product\/2415","targetHints":{"allow":["GET"]}}],"collection":[{"href":"https:\/\/sierplant.be\/de\/wp-json\/wp\/v2\/product"}],"about":[{"href":"https:\/\/sierplant.be\/de\/wp-json\/wp\/v2\/types\/product"}],"replies":[{"embeddable":true,"href":"https:\/\/sierplant.be\/de\/wp-json\/wp\/v2\/comments?post=2415"}],"wp:featuredmedia":[{"embeddable":true,"href":"https:\/\/sierplant.be\/de\/wp-json\/wp\/v2\/media\/2416"}],"wp:attachment":[{"href":"https:\/\/sierplant.be\/de\/wp-json\/wp\/v2\/media?parent=2415"}],"wp:term":[{"taxonomy":"product_brand","embeddable":true,"href":"https:\/\/sierplant.be\/de\/wp-json\/wp\/v2\/product_brand?post=2415"},{"taxonomy":"product_cat","embeddable":true,"href":"https:\/\/sierplant.be\/de\/wp-json\/wp\/v2\/product_cat?post=2415"},{"taxonomy":"product_tag","embeddable":true,"href":"https:\/\/sierplant.be\/de\/wp-json\/wp\/v2\/product_tag?post=2415"}],"curies":[{"name":"wp","href":"https:\/\/api.w.org\/{rel}","templated":true}]}}