{"id":2667,"date":"2026-01-12T09:59:31","date_gmt":"2026-01-12T09:59:31","guid":{"rendered":"https:\/\/sierplant.be\/?post_type=product&#038;p=2667"},"modified":"2026-03-22T08:21:00","modified_gmt":"2026-03-22T08:21:00","slug":"lagerstroemia-bashems-party-pink","status":"publish","type":"product","link":"https:\/\/sierplant.be\/de\/shop\/lagerstroemia\/lagerstroemia-bashems-party-pink\/","title":{"rendered":"Lagerstroemia \u2018Bashem's Party Pink\u2019"},"content":{"rendered":"","protected":false},"excerpt":{"rendered":"<p><strong>Lagerstroemia indica x fauriei \u2018Bashems Party Pink\u2019<\/strong><br \/>\n<span dir=\"auto\">(DR Egolf und AO Andrick, Die\u00a0<\/span><i><span dir=\"auto\">Lagerstroemia<\/span><\/i><span dir=\"auto\">\u00a0Handbuch\/Checkliste, AABGA, S. 42, 1978): Wuchsform ausladend mit runder Krone, 1973 Pflanze 10,5 m hoch und 10,5 m breit; Bl\u00e4tter 7,5-10 cm lang, 2,5-4 cm breit, hellgr\u00fcn, im Herbst orangerot bis gelb; Bl\u00fctentrauben 30-45 cm lang, 15-20 cm breit, lavendelrosa; mehltauresistent. Entstand als Zufallss\u00e4mling, 1963 selektiert und 1965 von BM Basham, Conroe, TX, benannt. Eingef\u00fchrt 1965 von Lynn Lowrey, Conroe, TX. Der Name wurde am 26. Februar 1975 eingetragen. Auslese von\u00a0<\/span><i><span dir=\"auto\">Lagerstroemia<\/span><\/i><span dir=\"auto\">\u00a0\u00d7\u00a0<\/span><i><span dir=\"auto\">egolfii<\/span><\/i><span dir=\"auto\">\u00a0.<br \/>\n<\/span><span dir=\"auto\">= \u2018Basham Pink\u2019, \u2018Basham's Pink\u2019. <em>(Quelle: <a href=\"https:\/\/www.usna.usda.gov\/science\/icra\/lagerstroemia\/\" target=\"_blank\" rel=\"noopener\">Checkliste Lagerstroemia USDA\/ARS National Arboretum<\/a> )<\/em><\/span><\/p>","protected":false},"featured_media":2668,"comment_status":"closed","ping_status":"closed","template":"","meta":{"_acf_changed":false},"product_brand":[],"product_cat":[112],"product_tag":[],"class_list":{"0":"post-2667","1":"product","2":"type-product","3":"status-publish","4":"has-post-thumbnail","6":"product_cat-lagerstroemia","8":"first","9":"instock","10":"taxable","11":"shipping-taxable","12":"purchasable","13":"product-type-variable"},"acf":[],"_links":{"self":[{"href":"https:\/\/sierplant.be\/de\/wp-json\/wp\/v2\/product\/2667","targetHints":{"allow":["GET"]}}],"collection":[{"href":"https:\/\/sierplant.be\/de\/wp-json\/wp\/v2\/product"}],"about":[{"href":"https:\/\/sierplant.be\/de\/wp-json\/wp\/v2\/types\/product"}],"replies":[{"embeddable":true,"href":"https:\/\/sierplant.be\/de\/wp-json\/wp\/v2\/comments?post=2667"}],"wp:featuredmedia":[{"embeddable":true,"href":"https:\/\/sierplant.be\/de\/wp-json\/wp\/v2\/media\/2668"}],"wp:attachment":[{"href":"https:\/\/sierplant.be\/de\/wp-json\/wp\/v2\/media?parent=2667"}],"wp:term":[{"taxonomy":"product_brand","embeddable":true,"href":"https:\/\/sierplant.be\/de\/wp-json\/wp\/v2\/product_brand?post=2667"},{"taxonomy":"product_cat","embeddable":true,"href":"https:\/\/sierplant.be\/de\/wp-json\/wp\/v2\/product_cat?post=2667"},{"taxonomy":"product_tag","embeddable":true,"href":"https:\/\/sierplant.be\/de\/wp-json\/wp\/v2\/product_tag?post=2667"}],"curies":[{"name":"wp","href":"https:\/\/api.w.org\/{rel}","templated":true}]}}