{"id":2764,"date":"2026-01-12T14:55:22","date_gmt":"2026-01-12T14:55:22","guid":{"rendered":"https:\/\/sierplant.be\/?post_type=product&#038;p=2764"},"modified":"2026-03-23T09:40:49","modified_gmt":"2026-03-23T09:40:49","slug":"lagerstroemia-hopi","status":"publish","type":"product","link":"https:\/\/sierplant.be\/de\/shop\/lagerstroemia\/lagerstroemia-hopi\/","title":{"rendered":"Lagerstroemia \u2018Hopi\u2019"},"content":{"rendered":"","protected":false},"excerpt":{"rendered":"<p><strong>Lagerstroemia indica x fauriei \u2018Hopi\u2019<\/strong><br \/>\n<span dir=\"auto\">(DR Egolf, HortSci. 21(5): 1250-1252. 1986): Laubabwerfender, ausladender, halbzwergiger, mehrst\u00e4mmiger Strauch, der in 12 Jahren 2,3 m hoch und 3 m breit wird; Bl\u00e4tter elliptisch bis verkehrt eif\u00f6rmig, 4,5-5,5 cm lang, 2,5-3,5 cm breit, junge Bl\u00e4tter hellrosa gef\u00e4rbt (Greyed Red 182B\u00a0<\/span><sup><span dir=\"auto\">2<\/span><\/sup><span dir=\"auto\">\u00a0), sp\u00e4ter dunkelgr\u00fcn (Gelbgr\u00fcn 147A oben und Gelbgr\u00fcn 147B unten), im Herbst leuchtend orangerot (Rot 43A) bis dunkelrot (Rot 46A); Rispen 10-14 cm lang, 7-18 cm breit; Bl\u00fcten mittelrosa (Rotviolett 66C), langanhaltend bl\u00fchend; mehltauresistent; 1972 entstanden aus einer Kreuzung von (\u00a0<\/span><i><span dir=\"auto\">L. indica\u00a0<\/span><\/i><b><span dir=\"auto\">\u2018Rosa Spitze\u2019.\u2019<\/span><\/b><span dir=\"auto\">\u00a0\u00d7\u00a0<\/span><i><span dir=\"auto\">L. fauriei<\/span><\/i><span dir=\"auto\">\u00a0) \u00d7\u00a0<\/span><i><span dir=\"auto\">L. indica\u00a0<\/span><\/i><b><span dir=\"auto\">\u2018Alba Nana\u2019<\/span><\/b><span dir=\"auto\">\u00a0; 1975 ausgew\u00e4hlt; 1986 vom US National Arboretum eingef\u00fchrt; NA 52711, PI 499816. Name registriert am 1. Mai 1992. Auswahl aus\u00a0<\/span><i><span dir=\"auto\">Lagerstroemia<\/span><\/i><span dir=\"auto\">\u00a0\u00d7\u00a0<\/span><i><span dir=\"auto\">egolfii<\/span><\/i><span dir=\"auto\"> . <em>(Quelle: <a href=\"https:\/\/www.usna.usda.gov\/science\/icra\/lagerstroemia\/\" target=\"_blank\" rel=\"noopener\">Checkliste Lagerstroemia USDA\/ARS National Arboretum<\/a> )<\/em><\/span><\/p>","protected":false},"featured_media":2768,"comment_status":"closed","ping_status":"closed","template":"","meta":{"_acf_changed":false},"product_brand":[],"product_cat":[112],"product_tag":[],"class_list":{"0":"post-2764","1":"product","2":"type-product","3":"status-publish","4":"has-post-thumbnail","6":"product_cat-lagerstroemia","8":"first","9":"instock","10":"taxable","11":"shipping-taxable","12":"purchasable","13":"product-type-variable"},"acf":[],"_links":{"self":[{"href":"https:\/\/sierplant.be\/de\/wp-json\/wp\/v2\/product\/2764","targetHints":{"allow":["GET"]}}],"collection":[{"href":"https:\/\/sierplant.be\/de\/wp-json\/wp\/v2\/product"}],"about":[{"href":"https:\/\/sierplant.be\/de\/wp-json\/wp\/v2\/types\/product"}],"replies":[{"embeddable":true,"href":"https:\/\/sierplant.be\/de\/wp-json\/wp\/v2\/comments?post=2764"}],"wp:featuredmedia":[{"embeddable":true,"href":"https:\/\/sierplant.be\/de\/wp-json\/wp\/v2\/media\/2768"}],"wp:attachment":[{"href":"https:\/\/sierplant.be\/de\/wp-json\/wp\/v2\/media?parent=2764"}],"wp:term":[{"taxonomy":"product_brand","embeddable":true,"href":"https:\/\/sierplant.be\/de\/wp-json\/wp\/v2\/product_brand?post=2764"},{"taxonomy":"product_cat","embeddable":true,"href":"https:\/\/sierplant.be\/de\/wp-json\/wp\/v2\/product_cat?post=2764"},{"taxonomy":"product_tag","embeddable":true,"href":"https:\/\/sierplant.be\/de\/wp-json\/wp\/v2\/product_tag?post=2764"}],"curies":[{"name":"wp","href":"https:\/\/api.w.org\/{rel}","templated":true}]}}