{"id":2789,"date":"2026-01-13T07:15:35","date_gmt":"2026-01-13T07:15:35","guid":{"rendered":"https:\/\/sierplant.be\/?post_type=product&#038;p=2789"},"modified":"2026-03-07T06:51:39","modified_gmt":"2026-03-07T06:51:39","slug":"lagerstroemia-pecos","status":"publish","type":"product","link":"https:\/\/sierplant.be\/de\/shop\/lagerstroemia\/lagerstroemia-pecos\/","title":{"rendered":"Lagerstroemia \u2018Pecos\u2019"},"content":{"rendered":"","protected":false},"excerpt":{"rendered":"<p><strong>Lagerstroemia indica x fauriei \u2018Pecos\u2019<\/strong><br \/>\n<span dir=\"auto\">(DR Egolf, HortSci. 21(5): 1250-1252. 1986): Mehrst\u00e4mmiger, halbzwergiger, kugeliger Strauch; abbl\u00e4tternde Zweige und Stamm grau (Grey 201B\u00a0<\/span><sup><span dir=\"auto\">2<\/span><\/sup><span dir=\"auto\">\u00a0) und dunkelbraun (Grey Orange 175A); Bl\u00e4tter elliptisch bis verkehrt eif\u00f6rmig, 5-6 cm lang und 1,9-2,5 cm breit, dunkelgr\u00fcn (Yellow Green 147A oben und Yellow Green 147B unten), im Herbst kastanienbraun (Grey Purple 183A) bis dunkelviolett-rot (Grey Purple 184A); Bl\u00fctenst\u00e4nde kugelf\u00f6rmig, 15-20 cm lang und 13-19 cm breit mit mittelrosa (Red Purple 57D) Bl\u00fcten, wiederholt bl\u00fchend von Anfang Juli bis September; mehltauresistent; 1972 entstanden aus der Kreuzung (\u00a0<\/span><i><span dir=\"auto\">L. indica<\/span><\/i><span dir=\"auto\">\u00a0\u2018Dwarf Red\u2019 \u00d7\u00a0<\/span><i><span dir=\"auto\">L. fauriei<\/span><\/i><span dir=\"auto\">\u00a0) \u00d7 (\u00a0<\/span><i><span dir=\"auto\">L. indica<\/span><\/i><span dir=\"auto\">\u00a0\u2018Dunkelrot\u2019 \u00d7\u00a0<\/span><i><span dir=\"auto\">L. fauriei<\/span><\/i><span dir=\"auto\">\u00a0); ausgew\u00e4hlt 1975; eingef\u00fchrt 1986 durch das US National Arboretum; NA 54977; PI 499823. Der Name wurde am 1. Mai 1992 registriert. Auswahl aus\u00a0<\/span><i><span dir=\"auto\">Lagerstroemia<\/span><\/i><span dir=\"auto\">\u00a0\u00d7\u00a0<\/span><i><span dir=\"auto\">egolfii<\/span><\/i><span dir=\"auto\"> . <em>(Quelle: <a href=\"https:\/\/www.usna.usda.gov\/science\/icra\/lagerstroemia\/\" target=\"_blank\" rel=\"noopener\">Checkliste Lagerstroemia USDA\/ARS National Arboretum<\/a> )<\/em><\/span><\/p>","protected":false},"featured_media":2792,"comment_status":"closed","ping_status":"closed","template":"","meta":{"_acf_changed":false},"product_brand":[],"product_cat":[112],"product_tag":[],"class_list":{"0":"post-2789","1":"product","2":"type-product","3":"status-publish","4":"has-post-thumbnail","6":"product_cat-lagerstroemia","8":"first","9":"instock","10":"taxable","11":"shipping-taxable","12":"purchasable","13":"product-type-variable"},"acf":[],"_links":{"self":[{"href":"https:\/\/sierplant.be\/de\/wp-json\/wp\/v2\/product\/2789","targetHints":{"allow":["GET"]}}],"collection":[{"href":"https:\/\/sierplant.be\/de\/wp-json\/wp\/v2\/product"}],"about":[{"href":"https:\/\/sierplant.be\/de\/wp-json\/wp\/v2\/types\/product"}],"replies":[{"embeddable":true,"href":"https:\/\/sierplant.be\/de\/wp-json\/wp\/v2\/comments?post=2789"}],"wp:featuredmedia":[{"embeddable":true,"href":"https:\/\/sierplant.be\/de\/wp-json\/wp\/v2\/media\/2792"}],"wp:attachment":[{"href":"https:\/\/sierplant.be\/de\/wp-json\/wp\/v2\/media?parent=2789"}],"wp:term":[{"taxonomy":"product_brand","embeddable":true,"href":"https:\/\/sierplant.be\/de\/wp-json\/wp\/v2\/product_brand?post=2789"},{"taxonomy":"product_cat","embeddable":true,"href":"https:\/\/sierplant.be\/de\/wp-json\/wp\/v2\/product_cat?post=2789"},{"taxonomy":"product_tag","embeddable":true,"href":"https:\/\/sierplant.be\/de\/wp-json\/wp\/v2\/product_tag?post=2789"}],"curies":[{"name":"wp","href":"https:\/\/api.w.org\/{rel}","templated":true}]}}