{"id":2821,"date":"2026-01-13T08:29:58","date_gmt":"2026-01-13T08:29:58","guid":{"rendered":"https:\/\/sierplant.be\/?post_type=product&#038;p=2821"},"modified":"2026-03-07T06:47:32","modified_gmt":"2026-03-07T06:47:32","slug":"lagerstroemia-rhapsody-in-pink","status":"publish","type":"product","link":"https:\/\/sierplant.be\/de\/shop\/lagerstroemia\/lagerstroemia-rhapsody-in-pink\/","title":{"rendered":"Lagerstroemia \u2018Rhapsodie in Rosa\u2019"},"content":{"rendered":"","protected":false},"excerpt":{"rendered":"<p><strong>Lagerstroemia indica \u2018Rhapsody in Pink\u2019<span dir=\"auto\">\u00ae.<br \/>\n<\/span><\/strong><b><span dir=\"auto\">\u2018Wei\u00df VIII\u2019<\/span><\/b><span dir=\"auto\">\u00a0(US-Pflanzenpatent Nr. 16.616): Laubabwerfender, aufrechter Strauch bis kleiner Baum, 3 bis 4,5 m hoch und 2,4 bis 3 m breit; Bl\u00e4tter 2,5 bis 7 cm lang und 1,3 bis 3,8 cm breit, junge Bl\u00e4tter sind oben und unten graulila 187A, reifen oben zu gelbgr\u00fcn 147A und unten zu gelbgr\u00fcn 147A oder 147B heran; Bl\u00fctenst\u00e4nde 10 bis 50 cm hoch und 10 bis 40 cm breit, Bl\u00fcten 1,9 bis 4,5 cm breit, grau-violett 186B oder 186C oder 185D oder rot-violett 64D. (Spring Meadow Nursery, Inc. Starter Plants Catalog and Shrub Reference, 2010-2011): \u201cEin auffallend einzigartiges Aussehen im Garten mit zartrosa Bl\u00fcten auf fast violettem Laub. Die neuen Triebe sind fast violett und bleiben die meiste Zeit der Saison pr\u00e4sent. Aufrechte Form. Hohe Resistenz gegen Mehltau. USDA 7 (6), AHS 12, 3-3,5 m.\u201d Benannt und eingef\u00fchrt von Carl Whitcomb. Name registriert am 28. Januar 2014.<\/span><\/p>\n<p><span dir=\"auto\">=\u00a0<\/span><b><span dir=\"auto\">\u2018Wei\u00df VIII\u2019<\/span><\/b><span dir=\"auto\"> RHAPSODY IN PINK\u00ae.\u00a0 <em>(Quelle: <a href=\"https:\/\/www.usna.usda.gov\/science\/icra\/lagerstroemia\/\" target=\"_blank\" rel=\"noopener\">Checkliste Lagerstroemia USDA\/ARS National Arboretum<\/a> )<\/em><\/span><\/p>","protected":false},"featured_media":2825,"comment_status":"closed","ping_status":"closed","template":"","meta":{"_acf_changed":false},"product_brand":[],"product_cat":[112],"product_tag":[],"class_list":{"0":"post-2821","1":"product","2":"type-product","3":"status-publish","4":"has-post-thumbnail","6":"product_cat-lagerstroemia","8":"first","9":"instock","10":"taxable","11":"shipping-taxable","12":"purchasable","13":"product-type-variable"},"acf":[],"_links":{"self":[{"href":"https:\/\/sierplant.be\/de\/wp-json\/wp\/v2\/product\/2821","targetHints":{"allow":["GET"]}}],"collection":[{"href":"https:\/\/sierplant.be\/de\/wp-json\/wp\/v2\/product"}],"about":[{"href":"https:\/\/sierplant.be\/de\/wp-json\/wp\/v2\/types\/product"}],"replies":[{"embeddable":true,"href":"https:\/\/sierplant.be\/de\/wp-json\/wp\/v2\/comments?post=2821"}],"wp:featuredmedia":[{"embeddable":true,"href":"https:\/\/sierplant.be\/de\/wp-json\/wp\/v2\/media\/2825"}],"wp:attachment":[{"href":"https:\/\/sierplant.be\/de\/wp-json\/wp\/v2\/media?parent=2821"}],"wp:term":[{"taxonomy":"product_brand","embeddable":true,"href":"https:\/\/sierplant.be\/de\/wp-json\/wp\/v2\/product_brand?post=2821"},{"taxonomy":"product_cat","embeddable":true,"href":"https:\/\/sierplant.be\/de\/wp-json\/wp\/v2\/product_cat?post=2821"},{"taxonomy":"product_tag","embeddable":true,"href":"https:\/\/sierplant.be\/de\/wp-json\/wp\/v2\/product_tag?post=2821"}],"curies":[{"name":"wp","href":"https:\/\/api.w.org\/{rel}","templated":true}]}}