{"id":2850,"date":"2026-01-13T09:11:19","date_gmt":"2026-01-13T09:11:19","guid":{"rendered":"https:\/\/sierplant.be\/?post_type=product&#038;p=2850"},"modified":"2026-03-17T13:51:29","modified_gmt":"2026-03-17T13:51:29","slug":"lagerstroemia-veerle","status":"publish","type":"product","link":"https:\/\/sierplant.be\/de\/shop\/lagerstroemia\/lagerstroemia-veerle\/","title":{"rendered":"Lagerstroemia \u2018Veerle\u2019"},"content":{"rendered":"","protected":false},"excerpt":{"rendered":"<p><strong>Lagerstroemia indica \u2018Veerle\u2019 (Prinzessin von Theo)<\/strong><\/p>\n<p>Lagerstroemia indica \u2018Veerle\u2019 ist eine wundersch\u00f6ne Pflanze mit einer inspirierenden Geschichte.<br \/>\nDer Finder der Pflanze war von ihrer Sch\u00f6nheit so beeindruckt, dass er sie nach seiner Tochter benannte.<br \/>\nUnd sch\u00f6n ist sie wirklich! Veerle\u2018 bl\u00fcht im Sommer und Herbst \u00fcppig mit gro\u00dfen Bl\u00fcten.<br \/>\n\u2018Veerle\u2019 ist Teil der Reihe \u2018Prinzessin von Theo\u2019.<\/p>","protected":false},"featured_media":2852,"comment_status":"closed","ping_status":"closed","template":"","meta":{"_acf_changed":false},"product_brand":[],"product_cat":[112],"product_tag":[],"class_list":{"0":"post-2850","1":"product","2":"type-product","3":"status-publish","4":"has-post-thumbnail","6":"product_cat-lagerstroemia","8":"first","9":"instock","10":"taxable","11":"shipping-taxable","12":"purchasable","13":"product-type-variable"},"acf":[],"_links":{"self":[{"href":"https:\/\/sierplant.be\/de\/wp-json\/wp\/v2\/product\/2850","targetHints":{"allow":["GET"]}}],"collection":[{"href":"https:\/\/sierplant.be\/de\/wp-json\/wp\/v2\/product"}],"about":[{"href":"https:\/\/sierplant.be\/de\/wp-json\/wp\/v2\/types\/product"}],"replies":[{"embeddable":true,"href":"https:\/\/sierplant.be\/de\/wp-json\/wp\/v2\/comments?post=2850"}],"wp:featuredmedia":[{"embeddable":true,"href":"https:\/\/sierplant.be\/de\/wp-json\/wp\/v2\/media\/2852"}],"wp:attachment":[{"href":"https:\/\/sierplant.be\/de\/wp-json\/wp\/v2\/media?parent=2850"}],"wp:term":[{"taxonomy":"product_brand","embeddable":true,"href":"https:\/\/sierplant.be\/de\/wp-json\/wp\/v2\/product_brand?post=2850"},{"taxonomy":"product_cat","embeddable":true,"href":"https:\/\/sierplant.be\/de\/wp-json\/wp\/v2\/product_cat?post=2850"},{"taxonomy":"product_tag","embeddable":true,"href":"https:\/\/sierplant.be\/de\/wp-json\/wp\/v2\/product_tag?post=2850"}],"curies":[{"name":"wp","href":"https:\/\/api.w.org\/{rel}","templated":true}]}}