{"id":2878,"date":"2026-01-13T10:06:51","date_gmt":"2026-01-13T10:06:51","guid":{"rendered":"https:\/\/sierplant.be\/?post_type=product&#038;p=2878"},"modified":"2026-03-06T14:52:47","modified_gmt":"2026-03-06T14:52:47","slug":"laurus-azorica","status":"publish","type":"product","link":"https:\/\/sierplant.be\/de\/shop\/laurus-nobilis\/laurus-azorica\/","title":{"rendered":"Laurus azorica"},"content":{"rendered":"","protected":false},"excerpt":{"rendered":"<p><strong>Laurus azorica<\/strong><\/p>\n<p>Baum, in der Natur bis zu etwa 15 m hoch. Junge Triebe r\u00f6tlich-braun, weich, kurzhaarig. Bl\u00e4tter bis zu 15 cm lang, ledrig, elliptisch bis (breit) eif\u00f6rmig, mit spitzer oder kurz spitzer Spitze. Die Blattr\u00e4nder sind glattrandig und nicht oder kaum gewellt. Die Bl\u00e4tter sind auf der Oberseite gl\u00e4nzend dunkelgr\u00fcn, auf der Unterseite heller und haben eine behaarte Hauptader. Sowohl die Zweige als auch die Bl\u00e4tter sind aromatisch, aber deutlich schw\u00e4cher als bei L. nobilis. Bl\u00fcht im April mit kleinen gelb-gr\u00fcnen Bl\u00fcten in achselst\u00e4ndigen B\u00fcscheln. Bei den weiblichen Pflanzen k\u00f6nnen nach der Bl\u00fcte eif\u00f6rmige, schwarze, etwa 12 mm lange Beerenfr\u00fcchte erscheinen.<\/p>\n<p>Heimisch auf den Azoren, den Kanarischen Inseln und Madeira.<\/p>\n<p><em>L<\/em>. <em>azorica <\/em>ist weniger widerstandsf\u00e4hig als <em>L<\/em>. <em>nobilis <\/em>und hat weniger Zier- und Gebrauchswert. Sie ist eine interessante Pflanze f\u00fcr Sammler<\/p>","protected":false},"featured_media":2613,"comment_status":"closed","ping_status":"closed","template":"","meta":{"_acf_changed":false},"product_brand":[],"product_cat":[60],"product_tag":[],"class_list":{"0":"post-2878","1":"product","2":"type-product","3":"status-publish","4":"has-post-thumbnail","6":"product_cat-laurus-nobilis","8":"first","9":"instock","10":"taxable","11":"shipping-taxable","12":"purchasable","13":"product-type-variable"},"acf":[],"_links":{"self":[{"href":"https:\/\/sierplant.be\/de\/wp-json\/wp\/v2\/product\/2878","targetHints":{"allow":["GET"]}}],"collection":[{"href":"https:\/\/sierplant.be\/de\/wp-json\/wp\/v2\/product"}],"about":[{"href":"https:\/\/sierplant.be\/de\/wp-json\/wp\/v2\/types\/product"}],"replies":[{"embeddable":true,"href":"https:\/\/sierplant.be\/de\/wp-json\/wp\/v2\/comments?post=2878"}],"wp:featuredmedia":[{"embeddable":true,"href":"https:\/\/sierplant.be\/de\/wp-json\/wp\/v2\/media\/2613"}],"wp:attachment":[{"href":"https:\/\/sierplant.be\/de\/wp-json\/wp\/v2\/media?parent=2878"}],"wp:term":[{"taxonomy":"product_brand","embeddable":true,"href":"https:\/\/sierplant.be\/de\/wp-json\/wp\/v2\/product_brand?post=2878"},{"taxonomy":"product_cat","embeddable":true,"href":"https:\/\/sierplant.be\/de\/wp-json\/wp\/v2\/product_cat?post=2878"},{"taxonomy":"product_tag","embeddable":true,"href":"https:\/\/sierplant.be\/de\/wp-json\/wp\/v2\/product_tag?post=2878"}],"curies":[{"name":"wp","href":"https:\/\/api.w.org\/{rel}","templated":true}]}}