{"id":2881,"date":"2026-01-13T10:13:12","date_gmt":"2026-01-13T10:13:12","guid":{"rendered":"https:\/\/sierplant.be\/?post_type=product&#038;p=2881"},"modified":"2026-03-07T06:55:38","modified_gmt":"2026-03-07T06:55:38","slug":"laurus-nobilis-crispa","status":"publish","type":"product","link":"https:\/\/sierplant.be\/de\/shop\/laurus-nobilis\/laurus-nobilis-crispa\/","title":{"rendered":"Laurus nobilis \u2018Crispa\u2019"},"content":{"rendered":"","protected":false},"excerpt":{"rendered":"<p><strong>Laurus nobilis \u2018Crispa\u2019\u00a0<\/strong><\/p>\n<p>Syn..: \u00a0\u00a0\u00a0\u00a0 <em>L<\/em>. <em>undulata<\/em><\/p>\n<p>Weibliche Sorte mit dunkelgr\u00fcnen Bl\u00e4ttern, die stark gekr\u00e4uselte Blattr\u00e4nder haben. Die Bl\u00e4tter verbreiten einen sehr starken Duft. Weit verbreitet f\u00fcr den Formschnitt.<\/p>","protected":false},"featured_media":2618,"comment_status":"closed","ping_status":"closed","template":"","meta":{"_acf_changed":false},"product_brand":[],"product_cat":[60],"product_tag":[],"class_list":{"0":"post-2881","1":"product","2":"type-product","3":"status-publish","4":"has-post-thumbnail","6":"product_cat-laurus-nobilis","8":"first","9":"instock","10":"taxable","11":"shipping-taxable","12":"purchasable","13":"product-type-variable"},"acf":[],"_links":{"self":[{"href":"https:\/\/sierplant.be\/de\/wp-json\/wp\/v2\/product\/2881","targetHints":{"allow":["GET"]}}],"collection":[{"href":"https:\/\/sierplant.be\/de\/wp-json\/wp\/v2\/product"}],"about":[{"href":"https:\/\/sierplant.be\/de\/wp-json\/wp\/v2\/types\/product"}],"replies":[{"embeddable":true,"href":"https:\/\/sierplant.be\/de\/wp-json\/wp\/v2\/comments?post=2881"}],"wp:featuredmedia":[{"embeddable":true,"href":"https:\/\/sierplant.be\/de\/wp-json\/wp\/v2\/media\/2618"}],"wp:attachment":[{"href":"https:\/\/sierplant.be\/de\/wp-json\/wp\/v2\/media?parent=2881"}],"wp:term":[{"taxonomy":"product_brand","embeddable":true,"href":"https:\/\/sierplant.be\/de\/wp-json\/wp\/v2\/product_brand?post=2881"},{"taxonomy":"product_cat","embeddable":true,"href":"https:\/\/sierplant.be\/de\/wp-json\/wp\/v2\/product_cat?post=2881"},{"taxonomy":"product_tag","embeddable":true,"href":"https:\/\/sierplant.be\/de\/wp-json\/wp\/v2\/product_tag?post=2881"}],"curies":[{"name":"wp","href":"https:\/\/api.w.org\/{rel}","templated":true}]}}