{"id":2894,"date":"2026-01-13T12:47:15","date_gmt":"2026-01-13T12:47:15","guid":{"rendered":"https:\/\/sierplant.be\/?post_type=product&#038;p=2894"},"modified":"2026-03-08T09:50:15","modified_gmt":"2026-03-08T09:50:15","slug":"laurus-nobilis-little-ragu","status":"publish","type":"product","link":"https:\/\/sierplant.be\/de\/shop\/laurus-nobilis\/laurus-nobilis-little-ragu\/","title":{"rendered":"Laurus nobilis \u2018Kleines Ragu\u2019"},"content":{"rendered":"","protected":false},"excerpt":{"rendered":"<p><strong>Laurus nobilis \u2018Kleines Ragu\u2019<\/strong><\/p>\n<p><strong><em>L<\/em><\/strong><strong>. <em>nobilis<\/em> \u2018Monrik\u2019 (Kleines Ragu)<\/strong><\/p>\n<p>(Richard H. Wells, Dayton, Oregon, Vereinigte Staaten von Amerika, 2014)<\/p>\n<p>Sie hat einen regelm\u00e4\u00dfigen, breit aufrechten bis breiten Wuchs und w\u00e4chst kompakter und dichter verzweigt als L. nobilis. Nach 10 Jahren wird \u2018Monrik\u2019 \u00fcber 2 m hoch und breit. Die Bl\u00e4tter haben eine elliptische Form und sind gl\u00e4nzend dunkelgr\u00fcn. Wurde von Monrovia Nurseries eingef\u00fchrt.<\/p>","protected":false},"featured_media":2629,"comment_status":"closed","ping_status":"closed","template":"","meta":{"_acf_changed":false},"product_brand":[],"product_cat":[60],"product_tag":[],"class_list":{"0":"post-2894","1":"product","2":"type-product","3":"status-publish","4":"has-post-thumbnail","6":"product_cat-laurus-nobilis","8":"first","9":"instock","10":"taxable","11":"shipping-taxable","12":"purchasable","13":"product-type-variable"},"acf":[],"_links":{"self":[{"href":"https:\/\/sierplant.be\/de\/wp-json\/wp\/v2\/product\/2894","targetHints":{"allow":["GET"]}}],"collection":[{"href":"https:\/\/sierplant.be\/de\/wp-json\/wp\/v2\/product"}],"about":[{"href":"https:\/\/sierplant.be\/de\/wp-json\/wp\/v2\/types\/product"}],"replies":[{"embeddable":true,"href":"https:\/\/sierplant.be\/de\/wp-json\/wp\/v2\/comments?post=2894"}],"wp:featuredmedia":[{"embeddable":true,"href":"https:\/\/sierplant.be\/de\/wp-json\/wp\/v2\/media\/2629"}],"wp:attachment":[{"href":"https:\/\/sierplant.be\/de\/wp-json\/wp\/v2\/media?parent=2894"}],"wp:term":[{"taxonomy":"product_brand","embeddable":true,"href":"https:\/\/sierplant.be\/de\/wp-json\/wp\/v2\/product_brand?post=2894"},{"taxonomy":"product_cat","embeddable":true,"href":"https:\/\/sierplant.be\/de\/wp-json\/wp\/v2\/product_cat?post=2894"},{"taxonomy":"product_tag","embeddable":true,"href":"https:\/\/sierplant.be\/de\/wp-json\/wp\/v2\/product_tag?post=2894"}],"curies":[{"name":"wp","href":"https:\/\/api.w.org\/{rel}","templated":true}]}}