{"id":2898,"date":"2026-01-13T12:49:48","date_gmt":"2026-01-13T12:49:48","guid":{"rendered":"https:\/\/sierplant.be\/?post_type=product&#038;p=2898"},"modified":"2026-03-26T14:24:46","modified_gmt":"2026-03-26T14:24:46","slug":"laurus-nobilis-moonspot","status":"publish","type":"product","link":"https:\/\/sierplant.be\/de\/shop\/laurus-nobilis\/laurus-nobilis-moonspot\/","title":{"rendered":"Laurus nobilis \u2018Mondfleck\u2019"},"content":{"rendered":"","protected":false},"excerpt":{"rendered":"<p><strong>Laurus nobilis \u2018Mondfleck\u2019<\/strong><\/p>\n<p>(Devriese-Luyssen Ornamental Plant Nursery, Wingene, Belgien, 2010)<\/p>\n<p>Die Bl\u00e4tter von \u2018Moonspot\u2019 sind unregelm\u00e4\u00dfig wei\u00df gesprenkelt. Moonspot ist die wei\u00df gefleckte Variante von \u2018the older Sunspot\u2019.  Die Pflanze wurde als S\u00e4mling selektiert.<\/p>","protected":false},"featured_media":2630,"comment_status":"closed","ping_status":"closed","template":"","meta":{"_acf_changed":false},"product_brand":[],"product_cat":[60],"product_tag":[],"class_list":{"0":"post-2898","1":"product","2":"type-product","3":"status-publish","4":"has-post-thumbnail","6":"product_cat-laurus-nobilis","8":"first","9":"instock","10":"taxable","11":"shipping-taxable","12":"purchasable","13":"product-type-variable"},"acf":[],"_links":{"self":[{"href":"https:\/\/sierplant.be\/de\/wp-json\/wp\/v2\/product\/2898","targetHints":{"allow":["GET"]}}],"collection":[{"href":"https:\/\/sierplant.be\/de\/wp-json\/wp\/v2\/product"}],"about":[{"href":"https:\/\/sierplant.be\/de\/wp-json\/wp\/v2\/types\/product"}],"replies":[{"embeddable":true,"href":"https:\/\/sierplant.be\/de\/wp-json\/wp\/v2\/comments?post=2898"}],"wp:featuredmedia":[{"embeddable":true,"href":"https:\/\/sierplant.be\/de\/wp-json\/wp\/v2\/media\/2630"}],"wp:attachment":[{"href":"https:\/\/sierplant.be\/de\/wp-json\/wp\/v2\/media?parent=2898"}],"wp:term":[{"taxonomy":"product_brand","embeddable":true,"href":"https:\/\/sierplant.be\/de\/wp-json\/wp\/v2\/product_brand?post=2898"},{"taxonomy":"product_cat","embeddable":true,"href":"https:\/\/sierplant.be\/de\/wp-json\/wp\/v2\/product_cat?post=2898"},{"taxonomy":"product_tag","embeddable":true,"href":"https:\/\/sierplant.be\/de\/wp-json\/wp\/v2\/product_tag?post=2898"}],"curies":[{"name":"wp","href":"https:\/\/api.w.org\/{rel}","templated":true}]}}