{"id":2900,"date":"2026-01-13T12:52:16","date_gmt":"2026-01-13T12:52:16","guid":{"rendered":"https:\/\/sierplant.be\/?post_type=product&#038;p=2900"},"modified":"2026-03-07T06:48:58","modified_gmt":"2026-03-07T06:48:58","slug":"laurus-nobilis-popeye","status":"publish","type":"product","link":"https:\/\/sierplant.be\/de\/shop\/laurus-nobilis\/laurus-nobilis-popeye\/","title":{"rendered":"Laurus nobilis \u2018Popeye\u2019"},"content":{"rendered":"","protected":false},"excerpt":{"rendered":"<p><strong>Laurus nobilis \u2018Popeye\u2019<\/strong><\/p>\n<p>(Devriese-Luyssen Ornamental Plant Nursery, Wingene, Belgien, ...)<\/p>\n<p>Diese kr\u00e4ftige Sorte w\u00e4chst mit k\u00fcrzeren Internodien, was zu einem kompakten Wuchs f\u00fchrt. Die Pflanze \u00e4hnelt etwas der \u2018Galan\u2019, aber \u2018Popeye\u2019 bleibt kompakter. Die Bl\u00e4tter sind dunkelgr\u00fcn<\/p>","protected":false},"featured_media":2631,"comment_status":"closed","ping_status":"closed","template":"","meta":{"_acf_changed":false},"product_brand":[],"product_cat":[60],"product_tag":[],"class_list":{"0":"post-2900","1":"product","2":"type-product","3":"status-publish","4":"has-post-thumbnail","6":"product_cat-laurus-nobilis","8":"first","9":"instock","10":"taxable","11":"shipping-taxable","12":"purchasable","13":"product-type-variable"},"acf":[],"_links":{"self":[{"href":"https:\/\/sierplant.be\/de\/wp-json\/wp\/v2\/product\/2900","targetHints":{"allow":["GET"]}}],"collection":[{"href":"https:\/\/sierplant.be\/de\/wp-json\/wp\/v2\/product"}],"about":[{"href":"https:\/\/sierplant.be\/de\/wp-json\/wp\/v2\/types\/product"}],"replies":[{"embeddable":true,"href":"https:\/\/sierplant.be\/de\/wp-json\/wp\/v2\/comments?post=2900"}],"wp:featuredmedia":[{"embeddable":true,"href":"https:\/\/sierplant.be\/de\/wp-json\/wp\/v2\/media\/2631"}],"wp:attachment":[{"href":"https:\/\/sierplant.be\/de\/wp-json\/wp\/v2\/media?parent=2900"}],"wp:term":[{"taxonomy":"product_brand","embeddable":true,"href":"https:\/\/sierplant.be\/de\/wp-json\/wp\/v2\/product_brand?post=2900"},{"taxonomy":"product_cat","embeddable":true,"href":"https:\/\/sierplant.be\/de\/wp-json\/wp\/v2\/product_cat?post=2900"},{"taxonomy":"product_tag","embeddable":true,"href":"https:\/\/sierplant.be\/de\/wp-json\/wp\/v2\/product_tag?post=2900"}],"curies":[{"name":"wp","href":"https:\/\/api.w.org\/{rel}","templated":true}]}}