{"id":3039,"date":"2026-01-16T11:02:28","date_gmt":"2026-01-16T11:02:28","guid":{"rendered":"https:\/\/sierplant.be\/?post_type=product&#038;p=3039"},"modified":"2026-03-07T06:48:21","modified_gmt":"2026-03-07T06:48:21","slug":"lagerstroemia-dazzle-me-pink","status":"publish","type":"product","link":"https:\/\/sierplant.be\/de\/shop\/lagerstroemia\/lagerstroemia-dazzle-me-pink\/","title":{"rendered":"Lagerstroemia \u2018Dazzle me Pink\u2019"},"content":{"rendered":"","protected":false},"excerpt":{"rendered":"<p><strong>Lagerstroemia indica Dazzle me Pink<br \/>\n<\/strong><b><span dir=\"auto\">\u2018Gamad V\u2019<\/span><\/b><span dir=\"auto\"> (Pressemitteilung Razzle Dazzle Dwarf Crapemyrtle Series, McCorkle Nurseries, Inc., Marietta, GA, Fr\u00fchjahr 2006). (US-Pflanzenpatent Nr. 17,411): Sommergr\u00fcner, kompakter Strauch, der nach 3 Jahren 51 cm hoch und 105 cm breit wird; Bl\u00e4tter 42 mm lang und 21 mm breit, junge Bl\u00e4tter auf der Oberseite gelb-gr\u00fcn N146A und auf der Unterseite gelb-gr\u00fcn 146B, beide mit einem grau-violetten Rand 183A, reife Bl\u00e4tter auf der Oberseite gelb-gr\u00fcn 147A und auf der Unterseite gr\u00fcn 137C; Bl\u00fctenst\u00e4nde 12,7 cm lang und 9,7 cm breit, mit 25 bis 35 Bl\u00fcten pro Bl\u00fctenstand, Bl\u00fcten 29,5 mm lang und 29,5 mm breit, erscheinen violett 76a, reifen zu r\u00f6tlichem Violett 73B und verblassen zu violett 84B. Entstand als S\u00e4mling aus etwa 1.000 S\u00e4mlingen, die aus Samen gezogen wurden, die 1997 aus einer Sammlung von Zwerg-Rapemyrten in Athens, Georgia, stammten (Monrovia Nursery Co. Azusa, CA. Catalogue 2013): Leuchtend rosa Bl\u00fcten. Zwergstrauch mit Zwiebeln, 90 cm hoch und breit. Benannt und eingef\u00fchrt im Jahr 2006 von Michael Dirr. Der Name wurde am 15. Januar 2014 registriert. <em>(Quelle: <a href=\"https:\/\/www.usna.usda.gov\/science\/icra\/lagerstroemia\/\" target=\"_blank\" rel=\"noopener\">Checkliste Lagerstroemia USDA\/ARS National Arboretum<\/a> )<\/em><\/span><\/p>","protected":false},"featured_media":2984,"comment_status":"closed","ping_status":"closed","template":"","meta":{"_acf_changed":false},"product_brand":[],"product_cat":[112],"product_tag":[],"class_list":{"0":"post-3039","1":"product","2":"type-product","3":"status-publish","4":"has-post-thumbnail","6":"product_cat-lagerstroemia","8":"first","9":"instock","10":"taxable","11":"shipping-taxable","12":"purchasable","13":"product-type-variable"},"acf":[],"_links":{"self":[{"href":"https:\/\/sierplant.be\/de\/wp-json\/wp\/v2\/product\/3039","targetHints":{"allow":["GET"]}}],"collection":[{"href":"https:\/\/sierplant.be\/de\/wp-json\/wp\/v2\/product"}],"about":[{"href":"https:\/\/sierplant.be\/de\/wp-json\/wp\/v2\/types\/product"}],"replies":[{"embeddable":true,"href":"https:\/\/sierplant.be\/de\/wp-json\/wp\/v2\/comments?post=3039"}],"wp:featuredmedia":[{"embeddable":true,"href":"https:\/\/sierplant.be\/de\/wp-json\/wp\/v2\/media\/2984"}],"wp:attachment":[{"href":"https:\/\/sierplant.be\/de\/wp-json\/wp\/v2\/media?parent=3039"}],"wp:term":[{"taxonomy":"product_brand","embeddable":true,"href":"https:\/\/sierplant.be\/de\/wp-json\/wp\/v2\/product_brand?post=3039"},{"taxonomy":"product_cat","embeddable":true,"href":"https:\/\/sierplant.be\/de\/wp-json\/wp\/v2\/product_cat?post=3039"},{"taxonomy":"product_tag","embeddable":true,"href":"https:\/\/sierplant.be\/de\/wp-json\/wp\/v2\/product_tag?post=3039"}],"curies":[{"name":"wp","href":"https:\/\/api.w.org\/{rel}","templated":true}]}}