{"id":3266,"date":"2026-02-12T08:28:42","date_gmt":"2026-02-12T08:28:42","guid":{"rendered":"https:\/\/sierplant.be\/?post_type=product&#038;p=3266"},"modified":"2026-03-07T06:57:59","modified_gmt":"2026-03-07T06:57:59","slug":"lagerstroemia-peppermint-lace","status":"publish","type":"product","link":"https:\/\/sierplant.be\/de\/shop\/lagerstroemia\/lagerstroemia-peppermint-lace\/","title":{"rendered":"Lagerstroemia \u2018Peppermint Lace\u2019"},"content":{"rendered":"","protected":false},"excerpt":{"rendered":"<p><strong>Lagerstroemia indica <\/strong><b><span dir=\"auto\">\u2018Pfefferminzspitze\u2019.\u2019<\/span><\/b><\/p>\n<p>(Monrovia Nursery Co., Azusa, CA. Kat. S. 59. 1972): Aufrechter und leicht ausladender Strauch; Bl\u00e4tter breit elliptisch, oberseits Petersiliengr\u00fcn oo962\/1, unterseits Spinatgr\u00fcn o960\/2; Bl\u00fcten pikotiert, tiefrosa (Spiraea Red o25\/1) mit wei\u00dfem Rand. Winterhart in Zone 7. Urspr\u00fcnglich eine Hybride, entwickelt von Otto Spring, Okmulgee, OK. Benannt und eingef\u00fchrt im Jahr 1972 von Monrovia Nurs. Co. US-Pflanzenpatent Nr. 3169, erteilt am 16. Mai 1972. Der Name wurde am 13. Juni 1974 eingetragen.<\/p>","protected":false},"featured_media":3267,"comment_status":"closed","ping_status":"closed","template":"","meta":{"_acf_changed":false},"product_brand":[],"product_cat":[112],"product_tag":[],"class_list":{"0":"post-3266","1":"product","2":"type-product","3":"status-publish","4":"has-post-thumbnail","6":"product_cat-lagerstroemia","8":"first","9":"outofstock","10":"taxable","11":"shipping-taxable","12":"product-type-variable"},"acf":[],"_links":{"self":[{"href":"https:\/\/sierplant.be\/de\/wp-json\/wp\/v2\/product\/3266","targetHints":{"allow":["GET"]}}],"collection":[{"href":"https:\/\/sierplant.be\/de\/wp-json\/wp\/v2\/product"}],"about":[{"href":"https:\/\/sierplant.be\/de\/wp-json\/wp\/v2\/types\/product"}],"replies":[{"embeddable":true,"href":"https:\/\/sierplant.be\/de\/wp-json\/wp\/v2\/comments?post=3266"}],"wp:featuredmedia":[{"embeddable":true,"href":"https:\/\/sierplant.be\/de\/wp-json\/wp\/v2\/media\/3267"}],"wp:attachment":[{"href":"https:\/\/sierplant.be\/de\/wp-json\/wp\/v2\/media?parent=3266"}],"wp:term":[{"taxonomy":"product_brand","embeddable":true,"href":"https:\/\/sierplant.be\/de\/wp-json\/wp\/v2\/product_brand?post=3266"},{"taxonomy":"product_cat","embeddable":true,"href":"https:\/\/sierplant.be\/de\/wp-json\/wp\/v2\/product_cat?post=3266"},{"taxonomy":"product_tag","embeddable":true,"href":"https:\/\/sierplant.be\/de\/wp-json\/wp\/v2\/product_tag?post=3266"}],"curies":[{"name":"wp","href":"https:\/\/api.w.org\/{rel}","templated":true}]}}