{"id":3268,"date":"2026-02-12T13:27:38","date_gmt":"2026-02-12T13:27:38","guid":{"rendered":"https:\/\/sierplant.be\/?post_type=product&#038;p=3268"},"modified":"2026-03-07T06:59:14","modified_gmt":"2026-03-07T06:59:14","slug":"lagerstroemia-sweetheart-dazzle","status":"publish","type":"product","link":"https:\/\/sierplant.be\/de\/shop\/lagerstroemia\/lagerstroemia-sweetheart-dazzle\/","title":{"rendered":"Lagerstroemia \u2018Sweetheart Dazzle\u2019"},"content":{"rendered":"","protected":false},"excerpt":{"rendered":"<p><strong>Lagerstroemia indica x fauriei Sweetheart Dazzle<br \/>\n<\/strong><span dir=\"auto\"><b>\u2018Gamad VII\u2019<\/b>\u00a0(US-Pflanzenpatent Nr. 22.199): Laubabwerfender, kompakter Strauch, der nach 9 Jahren bis zu 97 cm hoch und 142 cm breit wird; Bl\u00e4tter 45,7 mm lang und 17,6 mm breit, junge Bl\u00e4tter erscheinen oben und unten grau-orange 176B, reife Bl\u00e4tter oben gr\u00fcn 139A und unten gr\u00fcn 137C; Bl\u00fctenst\u00e4nde 12 bis 15 cm lang und 8 bis 10 cm breit, Bl\u00fcten 18,8 mm lang und 13,2 mm breit, erscheinen, reifen und f\u00e4rben sich rot-lila 68B. Entstanden aus offen befruchteten Samen von\u00a0<b>\u2018Pocomoke\u2019<\/b>\u00a0. (Griffith Propagation Nursery Inc. Katalog, 2014): \u201c(90 cm x 120 cm hoch) (Zone 6) Beeindruckend in der Bl\u00fcte mit sch\u00f6nen, tiefrosa Bl\u00fcten im Juli. Eine mehrschichtige, bogenf\u00f6rmige Wuchsform und schmale, l\u00e4ngliche Bl\u00e4tter sorgen f\u00fcr Textur und ausgezeichnete Bl\u00fctenf\u00fclle. Rot-orange Herbstf\u00e4rbung.\u201d Benannt und eingef\u00fchrt von Michael Dirr. Der Name wurde am 24. Januar 2014 registriert. <em>(Quelle: <a href=\"https:\/\/www.usna.usda.gov\/science\/icra\/lagerstroemia\/\" target=\"_blank\" rel=\"noopener\">Checkliste Lagerstroemia USDA\/ARS National Arboretum<\/a> )<\/em><\/span><strong><br \/>\n<\/strong><\/p>","protected":false},"featured_media":3271,"comment_status":"closed","ping_status":"closed","template":"","meta":{"_acf_changed":false},"product_brand":[],"product_cat":[112],"product_tag":[],"class_list":{"0":"post-3268","1":"product","2":"type-product","3":"status-publish","4":"has-post-thumbnail","6":"product_cat-lagerstroemia","8":"first","9":"outofstock","10":"taxable","11":"shipping-taxable","12":"product-type-variable"},"acf":[],"_links":{"self":[{"href":"https:\/\/sierplant.be\/de\/wp-json\/wp\/v2\/product\/3268","targetHints":{"allow":["GET"]}}],"collection":[{"href":"https:\/\/sierplant.be\/de\/wp-json\/wp\/v2\/product"}],"about":[{"href":"https:\/\/sierplant.be\/de\/wp-json\/wp\/v2\/types\/product"}],"replies":[{"embeddable":true,"href":"https:\/\/sierplant.be\/de\/wp-json\/wp\/v2\/comments?post=3268"}],"wp:featuredmedia":[{"embeddable":true,"href":"https:\/\/sierplant.be\/de\/wp-json\/wp\/v2\/media\/3271"}],"wp:attachment":[{"href":"https:\/\/sierplant.be\/de\/wp-json\/wp\/v2\/media?parent=3268"}],"wp:term":[{"taxonomy":"product_brand","embeddable":true,"href":"https:\/\/sierplant.be\/de\/wp-json\/wp\/v2\/product_brand?post=3268"},{"taxonomy":"product_cat","embeddable":true,"href":"https:\/\/sierplant.be\/de\/wp-json\/wp\/v2\/product_cat?post=3268"},{"taxonomy":"product_tag","embeddable":true,"href":"https:\/\/sierplant.be\/de\/wp-json\/wp\/v2\/product_tag?post=3268"}],"curies":[{"name":"wp","href":"https:\/\/api.w.org\/{rel}","templated":true}]}}