{"id":3329,"date":"2026-02-13T14:48:37","date_gmt":"2026-02-13T14:48:37","guid":{"rendered":"https:\/\/sierplant.be\/?post_type=product&#038;p=3329"},"modified":"2026-03-07T06:50:30","modified_gmt":"2026-03-07T06:50:30","slug":"lagerstroemia-mardi-gras","status":"publish","type":"product","link":"https:\/\/sierplant.be\/de\/shop\/lagerstroemia\/lagerstroemia-mardi-gras\/","title":{"rendered":"Lagerstroemia \u2018Mardi Gras\u2019"},"content":{"rendered":"","protected":false},"excerpt":{"rendered":"<p><strong>Lagerstroemia indica \u2018Mardi Gras\u2019<\/strong><br \/>\n<span dir=\"auto\">\u00a0(Ornamentals South 4(3): 13-14. April 1982): Miniatur-Crapemyrte mit violetter Bl\u00fctenfarbe; beginnt sp\u00e4t zu bl\u00fchen (nach dem 15. Juni); neuer Laubtyp. (Hines Nurs. Co., Santa Ana, CA. S. 43: 1988): Violett. Pat. Pend. (Dixie-Serie). Miniatur, weinend. Exklusive Hines Einf\u00fchrung. (David Chopin, Washington, PA. Variety Listing and Descriptions, undatiert, beigef\u00fcgt bei pers. Mitteilung an David Byers, 11. Mai 1995): Farbe: Violett. H\u00f6he: 2-3\u2019. Beste Verwendungsm\u00f6glichkeiten: Ungew\u00f6hnlich, da die Pflanze dazu neigt, nach oben zu wachsen, dann beginnen die Zweige kaskadenartig nach unten zu fallen, was wir \u201cOval Weeping\u201d nennen. <em>(Quelle: <a href=\"https:\/\/www.usna.usda.gov\/science\/icra\/lagerstroemia\/\" target=\"_blank\" rel=\"noopener\">Checkliste Lagerstroemia USDA\/ARS National Arboretum<\/a> )<\/em><\/span><\/p>","protected":false},"featured_media":3333,"comment_status":"closed","ping_status":"closed","template":"","meta":{"_acf_changed":false},"product_brand":[],"product_cat":[112],"product_tag":[],"class_list":{"0":"post-3329","1":"product","2":"type-product","3":"status-publish","4":"has-post-thumbnail","6":"product_cat-lagerstroemia","8":"first","9":"outofstock","10":"taxable","11":"shipping-taxable","12":"product-type-variable"},"acf":[],"_links":{"self":[{"href":"https:\/\/sierplant.be\/de\/wp-json\/wp\/v2\/product\/3329","targetHints":{"allow":["GET"]}}],"collection":[{"href":"https:\/\/sierplant.be\/de\/wp-json\/wp\/v2\/product"}],"about":[{"href":"https:\/\/sierplant.be\/de\/wp-json\/wp\/v2\/types\/product"}],"replies":[{"embeddable":true,"href":"https:\/\/sierplant.be\/de\/wp-json\/wp\/v2\/comments?post=3329"}],"wp:featuredmedia":[{"embeddable":true,"href":"https:\/\/sierplant.be\/de\/wp-json\/wp\/v2\/media\/3333"}],"wp:attachment":[{"href":"https:\/\/sierplant.be\/de\/wp-json\/wp\/v2\/media?parent=3329"}],"wp:term":[{"taxonomy":"product_brand","embeddable":true,"href":"https:\/\/sierplant.be\/de\/wp-json\/wp\/v2\/product_brand?post=3329"},{"taxonomy":"product_cat","embeddable":true,"href":"https:\/\/sierplant.be\/de\/wp-json\/wp\/v2\/product_cat?post=3329"},{"taxonomy":"product_tag","embeddable":true,"href":"https:\/\/sierplant.be\/de\/wp-json\/wp\/v2\/product_tag?post=3329"}],"curies":[{"name":"wp","href":"https:\/\/api.w.org\/{rel}","templated":true}]}}