{"id":1963,"date":"2021-05-10T13:38:56","date_gmt":"2021-05-10T13:38:56","guid":{"rendered":"https:\/\/sierplant.be\/newsite\/?page_id=1963"},"modified":"2021-07-18T19:50:38","modified_gmt":"2021-07-18T19:50:38","slug":"awards","status":"publish","type":"page","link":"https:\/\/sierplant.be\/fr\/awards\/","title":{"rendered":"Prix"},"content":{"rendered":"<div id=\"fws_69ee3134e6158\"  data-column-margin=\"default\" data-midnight=\"dark\"  class=\"wpb_row vc_row-fluid vc_row\"  style=\"padding-top: 0px; padding-bottom: 0px; \"><div class=\"row-bg-wrap\" data-bg-animation=\"none\" data-bg-animation-delay=\"\" data-bg-overlay=\"false\"><div class=\"inner-wrap row-bg-layer\" ><div class=\"row-bg viewport-desktop\"  style=\"\"><\/div><\/div><\/div><div class=\"row_col_wrap_12 col span_12 dark left\">\n\t<div  class=\"vc_col-sm-12 wpb_column column_container vc_column_container col no-extra-padding inherit_tablet inherit_phone\"  data-padding-pos=\"all\" data-has-bg-color=\"false\" data-bg-color=\"\" data-bg-opacity=\"1\" data-animation=\"\" data-delay=\"0\" >\n\t\t<div class=\"vc_column-inner\" >\n\t\t\t<div class=\"wpb_wrapper\">\n\t\t\t\t<div id=\"fws_69ee3134e72a2\" data-midnight=\"\" data-column-margin=\"default\" class=\"wpb_row vc_row-fluid vc_row inner_row\"  style=\"padding-top: 50px; \"><div class=\"row-bg-wrap\"> <div class=\"row-bg\" ><\/div> <\/div><div class=\"row_col_wrap_12_inner col span_12  left\">\n\t<div  class=\"vc_col-sm-12 wpb_column column_container vc_column_container col child_column no-extra-padding inherit_tablet inherit_phone\"   data-padding-pos=\"all\" data-has-bg-color=\"false\" data-bg-color=\"\" data-bg-opacity=\"1\" data-animation=\"\" data-delay=\"0\" >\n\t\t<div class=\"vc_column-inner\" >\n\t\t<div class=\"wpb_wrapper\">\n\t\t\t<h1 style=\"font-size: 42px;line-height: 52px;text-align: left\" class=\"vc_custom_heading vc_do_custom_heading\" >Prix<\/h1>\n<div class=\"nectar-animated-title\" data-style=\"color-strip-reveal\" data-color=\"accent-color\">\n\t<div class=\"nectar-animated-title-outer\">\n\t\t<div class=\"nectar-animated-title-inner\">\n\t\t\t<div class=\"wrap\"><h5 style=\"color: #ffffff;\">Lors de divers salons du jardinage et du commerce de gros<\/h5><\/div>\n\t\t<\/div>\n\t<\/div>\n<\/div>\n<div class=\"wpb_text_column wpb_content_element  vc_custom_1620654104560\" >\n\t<p>Une impression <u><strong>via<\/strong><\/u> Quelques photos de la remise des prix \u00e0 l'adresse suivante <a href=\"http:\/\/www.belgianplantfairs.be\/nederlands.html\" target=\"_blank\" rel=\"noopener\">Foire aux plantes en Belgique : <\/a><a href=\"http:\/\/www.florall.be\/\" target=\"_blank\" rel=\"noopener\"> <strong>Florall <\/strong><\/a><\/p>\n<p><a href=\"http:\/\/www.lafeuillerie.be\/\" target=\"_blank\" rel=\"noopener\"><strong>La Feuillerie<\/strong><\/a>, Celles | <a href=\"http:\/\/www.parkvanbeervelde.be\/\" target=\"_blank\" rel=\"noopener\"><strong>Parc Beervelde<\/strong><\/a>: - <a href=\"http:\/\/www.parkvanbeervelde.be\/\" target=\"_blank\" rel=\"noopener\">Beervelde<\/a> | <a href=\"http:\/\/www.hex.be\/\" target=\"_blank\" rel=\"noopener\"><strong>Festival des plantes rares<\/strong><\/a><strong>:<\/strong> - <a href=\"http:\/\/www.hex.be\/\" target=\"_blank\" rel=\"noopener\">Ch\u00e2teau hexagonal<\/a> | <a href=\"http:\/\/www.das-fuerstliche-gartenfest.de\/wolfsgarten\/index.htm\" target=\"_blank\" rel=\"noopener\"><strong>La f\u00eate du jardin \u00e0 la fran\u00e7aise<\/strong><\/a> :<a href=\"http:\/\/www.das-fuerstliche-gartenfest.de\/wolfsgarten\/index.htm\" target=\"_blank\" rel=\"noopener\">Schloss Wolfsgarten <\/a><\/p>\n<\/div>\n\n\n\n\n\t\t<\/div> \n\t<\/div>\n\t<\/div> \n<\/div><\/div>\n\t\t\t<\/div> \n\t\t<\/div>\n\t<\/div> \n<\/div><\/div>\n\t\t<div id=\"fws_69ee3134e8f88\"  data-column-margin=\"default\" data-midnight=\"dark\"  class=\"wpb_row vc_row-fluid vc_row\"  style=\"padding-top: 0px; padding-bottom: 0px; \"><div class=\"row-bg-wrap\" data-bg-animation=\"none\" data-bg-animation-delay=\"\" data-bg-overlay=\"false\"><div class=\"inner-wrap row-bg-layer\" ><div class=\"row-bg viewport-desktop\"  style=\"\"><\/div><\/div><\/div><div class=\"row_col_wrap_12 col span_12 dark left\">\n\t<div  class=\"vc_col-sm-6 wpb_column column_container vc_column_container col no-extra-padding inherit_tablet inherit_phone\"  data-padding-pos=\"all\" data-has-bg-color=\"false\" data-bg-color=\"\" data-bg-opacity=\"1\" data-animation=\"\" data-delay=\"0\" >\n\t\t<div class=\"vc_column-inner\" >\n\t\t\t<div class=\"wpb_wrapper\">\n\t\t\t\t<div class=\"img-with-aniamtion-wrap\" data-max-width=\"100%\" data-max-width-mobile=\"default\" data-shadow=\"none\" data-animation=\"fade-in\" >\n      <div class=\"inner\">\n        <div class=\"hover-wrap\"> \n          <div class=\"hover-wrap-inner\">\n            <img loading=\"lazy\" decoding=\"async\" class=\"img-with-animation skip-lazy\" data-delay=\"0\" height=\"419\" width=\"596\" data-animation=\"fade-in\" src=\"https:\/\/sierplant.be\/wp-content\/uploads\/2021\/05\/Florall-award-.jpg\" alt=\"\" srcset=\"https:\/\/sierplant.be\/wp-content\/uploads\/2021\/05\/Florall-award-.jpg 596w, https:\/\/sierplant.be\/wp-content\/uploads\/2021\/05\/Florall-award--300x211.jpg 300w\" sizes=\"auto, (max-width: 596px) 100vw, 596px\" \/>\n          <\/div>\n        <\/div>\n        \n      <\/div>\n    <\/div>\n\t\t\t<\/div> \n\t\t<\/div>\n\t<\/div> \n\n\t<div  class=\"vc_col-sm-6 wpb_column column_container vc_column_container col no-extra-padding inherit_tablet inherit_phone\"  data-padding-pos=\"all\" data-has-bg-color=\"false\" data-bg-color=\"\" data-bg-opacity=\"1\" data-animation=\"\" data-delay=\"0\" >\n\t\t<div class=\"vc_column-inner\" >\n\t\t\t<div class=\"wpb_wrapper\">\n\t\t\t\t<div class=\"img-with-aniamtion-wrap\" data-max-width=\"100%\" data-max-width-mobile=\"default\" data-shadow=\"none\" data-animation=\"fade-in\" >\n      <div class=\"inner\">\n        <div class=\"hover-wrap\"> \n          <div class=\"hover-wrap-inner\">\n            <img loading=\"lazy\" decoding=\"async\" class=\"img-with-animation skip-lazy\" data-delay=\"0\" height=\"464\" width=\"500\" data-animation=\"fade-in\" src=\"https:\/\/sierplant.be\/wp-content\/uploads\/2021\/05\/Wolfsgarten.jpg\" alt=\"\" srcset=\"https:\/\/sierplant.be\/wp-content\/uploads\/2021\/05\/Wolfsgarten.jpg 500w, https:\/\/sierplant.be\/wp-content\/uploads\/2021\/05\/Wolfsgarten-300x278.jpg 300w\" sizes=\"auto, (max-width: 500px) 100vw, 500px\" \/>\n          <\/div>\n        <\/div>\n        \n      <\/div>\n    <\/div>\n\t\t\t<\/div> \n\t\t<\/div>\n\t<\/div> \n<\/div><\/div>\n\t\t<div id=\"fws_69ee3134ead17\"  data-column-margin=\"default\" data-midnight=\"dark\"  class=\"wpb_row vc_row-fluid vc_row\"  style=\"padding-top: 0px; padding-bottom: 0px; \"><div class=\"row-bg-wrap\" data-bg-animation=\"none\" data-bg-animation-delay=\"\" data-bg-overlay=\"false\"><div class=\"inner-wrap row-bg-layer\" ><div class=\"row-bg viewport-desktop\"  style=\"\"><\/div><\/div><\/div><div class=\"row_col_wrap_12 col span_12 dark center\">\n\t<div  class=\"vc_col-sm-12 wpb_column column_container vc_column_container col no-extra-padding inherit_tablet inherit_phone\"  data-padding-pos=\"all\" data-has-bg-color=\"false\" data-bg-color=\"\" data-bg-opacity=\"1\" data-animation=\"\" data-delay=\"0\" >\n\t\t<div class=\"vc_column-inner\" >\n\t\t\t<div class=\"wpb_wrapper\">\n\t\t\t\t<h2 style=\"font-size: 28px;line-height: 52px;text-align: left\" class=\"vc_custom_heading vc_do_custom_heading\" >Collage relatif aux prix<\/h2><div class=\"img-with-aniamtion-wrap\" data-max-width=\"100%\" data-max-width-mobile=\"default\" data-shadow=\"none\" data-animation=\"fade-in\" >\n      <div class=\"inner\">\n        <div class=\"hover-wrap\"> \n          <div class=\"hover-wrap-inner\">\n            <img loading=\"lazy\" decoding=\"async\" class=\"img-with-animation skip-lazy\" data-delay=\"0\" height=\"874\" width=\"600\" data-animation=\"fade-in\" src=\"https:\/\/sierplant.be\/wp-content\/uploads\/2021\/05\/Awardcollage.jpg\" alt=\"\" srcset=\"https:\/\/sierplant.be\/wp-content\/uploads\/2021\/05\/Awardcollage.jpg 600w, https:\/\/sierplant.be\/wp-content\/uploads\/2021\/05\/Awardcollage-206x300.jpg 206w\" sizes=\"auto, (max-width: 600px) 100vw, 600px\" \/>\n          <\/div>\n        <\/div>\n        \n      <\/div>\n    <\/div>\n\t\t\t<\/div> \n\t\t<\/div>\n\t<\/div> \n<\/div><\/div>","protected":false},"excerpt":{"rendered":"Onderscheidingen Op diverse tuin en groothandels beurzen Een impressie via enkele foto's van de onderscheidingen op Belgian plant Fair: Florall La Feuillerie, Celles | Park van Beervelde: - Beervelde |...","protected":false},"author":3,"featured_media":0,"parent":0,"menu_order":0,"comment_status":"closed","ping_status":"closed","template":"","meta":{"_acf_changed":false,"footnotes":""},"class_list":["post-1963","page","type-page","status-publish"],"acf":[],"_links":{"self":[{"href":"https:\/\/sierplant.be\/fr\/wp-json\/wp\/v2\/pages\/1963","targetHints":{"allow":["GET"]}}],"collection":[{"href":"https:\/\/sierplant.be\/fr\/wp-json\/wp\/v2\/pages"}],"about":[{"href":"https:\/\/sierplant.be\/fr\/wp-json\/wp\/v2\/types\/page"}],"author":[{"embeddable":true,"href":"https:\/\/sierplant.be\/fr\/wp-json\/wp\/v2\/users\/3"}],"replies":[{"embeddable":true,"href":"https:\/\/sierplant.be\/fr\/wp-json\/wp\/v2\/comments?post=1963"}],"version-history":[{"count":6,"href":"https:\/\/sierplant.be\/fr\/wp-json\/wp\/v2\/pages\/1963\/revisions"}],"predecessor-version":[{"id":1977,"href":"https:\/\/sierplant.be\/fr\/wp-json\/wp\/v2\/pages\/1963\/revisions\/1977"}],"wp:attachment":[{"href":"https:\/\/sierplant.be\/fr\/wp-json\/wp\/v2\/media?parent=1963"}],"curies":[{"name":"wp","href":"https:\/\/api.w.org\/{rel}","templated":true}]}}