{"id":2191,"date":"2021-09-24T08:36:21","date_gmt":"2021-09-24T08:36:21","guid":{"rendered":"https:\/\/sierplant.be\/?page_id=2191"},"modified":"2021-09-24T08:39:10","modified_gmt":"2021-09-24T08:39:10","slug":"lagerstroemia-sprookje","status":"publish","type":"page","link":"https:\/\/sierplant.be\/fr\/lagerstroemia-sprookje\/","title":{"rendered":"Conte de f\u00e9es Lagerstroemia"},"content":{"rendered":"<div id=\"fws_69ee2e6075696\"  data-column-margin=\"default\" data-midnight=\"dark\" data-top-percent=\"7%\" data-bottom-percent=\"7%\"  class=\"wpb_row vc_row-fluid vc_row full-width-section has-row-bg-color vc_row-o-equal-height vc_row-flex vc_row-o-content-top\"  style=\"padding-top: calc(100vw * 0.07); padding-bottom: calc(100vw * 0.07); --row-bg-color: #efefef;\"><div class=\"row-bg-wrap\" data-bg-animation=\"none\" data-bg-animation-delay=\"\" data-bg-overlay=\"false\"><div class=\"inner-wrap row-bg-layer\" ><div class=\"row-bg viewport-desktop using-bg-color\"  style=\"background-color: #efefef; \"><\/div><\/div><\/div><div class=\"nectar-shape-divider-wrap no-color\" style=\" height:170px;\"  data-height=\"170\" data-front=\"true\" data-style=\"mountains\" data-position=\"top\" ><svg class=\"nectar-shape-divider\" fill=\"\" xmlns=\"http:\/\/www.w3.org\/2000\/svg\" viewbox=\"0 0 1000 300\" preserveaspectratio=\"none\">\n          <path d=\"M 1014 264 v 122 h -808 l -172 -86 s 310.42 -22.84 402 -79 c 106 -65 154 -61 268 -12 c 107 46 195.11 5.94 275 137 z\"><\/path>   <path d=\"M -302 55 s 235.27 208.25 352 159 c 128 -54 233 -98 303 -73 c 92.68 33.1 181.28 115.19 235 108 c 104.9 -14 176.52 -173.06 267 -118 c 85.61 52.09 145 123 145 123 v 74 l -1306 10 z\"><\/path>\n          <path d=\"M -286 255 s 214 -103 338 -129 s 203 29 384 101 c 145.57 57.91 178.7 50.79 272 0 c 79 -43 301 -224 385 -63 c 53 101.63 -62 129 -62 129 l -107 84 l -1212 12 z\"><\/path>\n          <path d=\"M -24 69 s 299.68 301.66 413 245 c 8 -4 233 2 284 42 c 17.47 13.7 172 -132 217 -174 c 54.8 -51.15 128 -90 188 -39 c 76.12 64.7 118 99 118 99 l -12 132 l -1212 12 z\"><\/path>\n          <path d=\"M -12 201 s 70 83 194 57 s 160.29 -36.77 274 6 c 109 41 184.82 24.36 265 -15 c 55 -27 116.5 -57.69 214 4 c 49 31 95 26 95 26 l -6 151 l -1036 10 z\"><\/path> <\/svg><\/div><div class=\"row_col_wrap_12 col span_12 dark left\">\n\t<div  class=\"vc_col-sm-12 wpb_column column_container vc_column_container col no-extra-padding inherit_tablet inherit_phone\"  data-padding-pos=\"all\" data-has-bg-color=\"false\" data-bg-color=\"\" data-bg-opacity=\"1\" data-animation=\"\" data-delay=\"0\" >\n\t\t<div class=\"vc_column-inner\" >\n\t\t\t<div class=\"wpb_wrapper\">\n\t\t\t\t<div id=\"fws_69ee2e60760ae\" data-midnight=\"\" data-column-margin=\"default\" class=\"wpb_row vc_row-fluid vc_row inner_row\"  style=\"\"><div class=\"row-bg-wrap\"> <div class=\"row-bg\" ><\/div> <\/div><div class=\"row_col_wrap_12_inner col span_12  left\">\n\t<div  class=\"vc_col-sm-12 wpb_column column_container vc_column_container col child_column no-extra-padding inherit_tablet inherit_phone\"   data-padding-pos=\"all\" data-has-bg-color=\"false\" data-bg-color=\"\" data-bg-opacity=\"1\" data-animation=\"\" data-delay=\"0\" >\n\t\t<div class=\"vc_column-inner\" >\n\t\t<div class=\"wpb_wrapper\">\n\t\t\t\n<div class=\"nectar-animated-title\" data-style=\"color-strip-reveal\" data-color=\"accent-color\">\n\t<div class=\"nectar-animated-title-outer\">\n\t\t<div class=\"nectar-animated-title-inner\">\n\t\t\t<div class=\"wrap\"><h5 style=\"color: #ffffff;\">Conte de f\u00e9es Lagerstroemia<\/h5><\/div>\n\t\t<\/div>\n\t<\/div>\n<\/div><div class=\"nectar-split-heading\" data-align=\"default\" data-m-align=\"inherit\" data-text-effect=\"default\" data-animation-type=\"default\" data-animation-delay=\"0\" data-animation-offset=\"\" data-m-rm-animation=\"\" data-stagger=\"\" data-custom-font-size=\"false\" ><div class=\"heading-line\" > <div><strong>Conte de f\u00e9es cor\u00e9en<\/strong><\/p> <\/div> <\/div><div class=\"heading-line\" > <div><p><strong>L'histoire des 100 jours de l'arbre rouge \u201cBaegilhong\u201d.\u201d<\/strong> <\/div> <\/div><\/div>\n\t\t<\/div> \n\t<\/div>\n\t<\/div> \n<\/div><\/div><div id=\"fws_69ee2e6076c20\" data-midnight=\"\" data-column-margin=\"default\" class=\"wpb_row vc_row-fluid vc_row inner_row\"  style=\"\"><div class=\"row-bg-wrap\"> <div class=\"row-bg\" ><\/div> <\/div><div class=\"row_col_wrap_12_inner col span_12  left\">\n\t<div  class=\"vc_col-sm-6 wpb_column column_container vc_column_container col child_column no-extra-padding inherit_tablet inherit_phone\"   data-padding-pos=\"all\" data-has-bg-color=\"false\" data-bg-color=\"\" data-bg-opacity=\"1\" data-animation=\"\" data-delay=\"0\" >\n\t\t<div class=\"vc_column-inner\" >\n\t\t<div class=\"wpb_wrapper\">\n\t\t\t<div class=\"img-with-aniamtion-wrap\" data-max-width=\"100%\" data-max-width-mobile=\"default\" data-shadow=\"none\" data-animation=\"fade-in\"  style=\"margin-top: 30px; \">\n      <div class=\"inner\">\n        <div class=\"hover-wrap\"> \n          <div class=\"hover-wrap-inner\">\n            <img loading=\"lazy\" decoding=\"async\" class=\"img-with-animation skip-lazy\" data-delay=\"0\" height=\"534\" width=\"400\" data-animation=\"fade-in\" src=\"https:\/\/sierplant.be\/wp-content\/uploads\/2021\/09\/Verhaal-van-100-dagen-rode-boom-Baegilhong.jpg\" alt=\"Histoire de l&#039;arbre rouge de 100 jours Baegilhong\" srcset=\"https:\/\/sierplant.be\/wp-content\/uploads\/2021\/09\/Verhaal-van-100-dagen-rode-boom-Baegilhong.jpg 400w, https:\/\/sierplant.be\/wp-content\/uploads\/2021\/09\/Verhaal-van-100-dagen-rode-boom-Baegilhong-225x300.jpg 225w, https:\/\/sierplant.be\/wp-content\/uploads\/2021\/09\/Verhaal-van-100-dagen-rode-boom-Baegilhong-350x467.jpg 350w\" sizes=\"auto, (max-width: 400px) 100vw, 400px\" \/>\n          <\/div>\n        <\/div>\n        \n      <\/div>\n    <\/div>\n\t\t<\/div> \n\t<\/div>\n\t<\/div> \n\n\t<div  class=\"vc_col-sm-6 wpb_column column_container vc_column_container col child_column has-animation padding-3-percent inherit_tablet inherit_phone\"   data-padding-pos=\"top-bottom\" data-has-bg-color=\"false\" data-bg-color=\"\" data-bg-opacity=\"1\" data-animation=\"fade-in-from-bottom\" data-delay=\"0\" >\n\t\t<div class=\"vc_column-inner\" >\n\t\t<div class=\"wpb_wrapper\">\n\t\t\t\n<div class=\"wpb_text_column wpb_content_element  vc_custom_1632472613294\" >\n\t<p>Il \u00e9tait une fois un python monstrueux et effrayant, Imugi, sur une plage.<\/p>\n<p>Quiconque voyait le monstre Imugi avec des \u00e9cailles rouges sur tout le corps et des pieds qui griffaient comme une fourche dentel\u00e9e \u00e9tait terrifi\u00e9 et tremblait.<\/p>\n<p>\u201cSacrifiez-moi. Sinon, je provoquerai une temp\u00eate qui vous emp\u00eachera d'attraper du poisson.\u201d<\/p>\n<p>C'est pourquoi les habitants du village ne pouvaient s'emp\u00eacher d'offrir chaque ann\u00e9e une jeune fille au monstre Imugi pour calmer sa col\u00e8re.<\/p>\n<p>Un jour, un jeune homme est apparu dans le village. Le jeune homme trouva l'atmosph\u00e8re du village un peu \u00e9trange et demanda au chef du village.<\/p>\n<p>\u201cExcusez-moi, monsieur, pourquoi tout le monde soupire et a l'air triste dans ce village ?\u201d<\/p>\n<p>Le chef du village soupire et lui raconte l'histoire du monstre Imugi.<\/p>\n<\/div>\n\n\n\n\n\t\t<\/div> \n\t<\/div>\n\t<\/div> \n<\/div><\/div>\n<div class=\"wpb_text_column wpb_content_element\" >\n\t<p>\u201cChaque ann\u00e9e, nous devons sacrifier une fille au python monstrueux Imugi. Cette ann\u00e9e, c'est ma fille qui doit \u00eatre sacrifi\u00e9e. Que dois-je faire de cette pauvre fille ?\u201d<\/p>\n<p>\u2018C'est absurde ! Comment pouvez-vous sacrifier une pr\u00e9cieuse vie humaine \u00e0 un monstre aussi diabolique ? Je vais me d\u00e9barrasser du monstre\u2019.\u2019<\/p>\n<p>\u201cComment ai-je pu laisser se produire cette terrible affaire, moi qui ai appris les arts militaires pour le bien de la nation et du peuple ?\u201d<\/p>\n<p>Sous l'effet d'une col\u00e8re justifi\u00e9e, le jeune homme plongea dans l'eau o\u00f9 vivait le monstre Imugi, bien que les villageois l'emp\u00each\u00e8rent de combattre le monstre. Dans ce village c\u00f4tier, ils entendirent toute la nuit le bruit du jeune homme combattant le monstre python. Finalement, ils purent entendre les cris de mort du monstre se propager loin de la mer et le rugissement d'un jeune homme comme si une montagne s'effondrait. Le bruit du combat s'estompa peu \u00e0 peu et l'est se mit \u00e0 briller.<\/p>\n<p>Sur la plage, le jeune homme \u00e9tait couvert de sang, et dans la mer tach\u00e9e de sang, le cadavre du python monstre Imugi flottait d'avant en arri\u00e8re le long du rivage. Les villageois ramen\u00e8rent le jeune homme au village et lui firent beaucoup de bien. Apr\u00e8s avoir dormi un certain temps, le jeune homme se r\u00e9veilla.<\/p>\n<p>\u201cGr\u00e2ce \u00e0 vos pri\u00e8res, j'ai pu vaincre le monstre. Merci !\u201d<\/p>\n<p>\u2018Non, pas vous, mais je dois vous exprimer ma gratitude. Gr\u00e2ce \u00e0 vous, notre fille a sauv\u00e9 sa vie et votre village a retrouv\u00e9 la paix. Je ne sais pas comment exprimer ma gratitude pour cela\u201d.\u201d<\/p>\n<p>\u2018J'aimerais organiser une f\u00eate de village pour vous, avec des plats d\u00e9licieux.\u2019<\/p>\n<p>Tous les villageois ont applaudi apr\u00e8s le discours du chef.<\/p>\n<p>\u201cNon, merci beaucoup. Je dois partir maintenant. J'ai une mission \u00e0 accomplir. Une fois que je l'aurai accomplie, je serai de retour dans cent jours. Nous pourrons alors organiser une f\u00eate au village.\u201d<\/p>\n<p>Apr\u00e8s avoir dit cela, il s'adressa timidement au chef.<\/p>\n<p>\u2018J'esp\u00e8re que ce sera une f\u00eate de mariage pour moi et votre fille. Permettez-moi de le faire.\u201d<\/p>\n<p>Le chef et les villageois \u00e9taient tous heureux et criaient \"Hourra\". La fille du chef \u00e9tait si heureuse que ses joues rougissaient comme une fleur de p\u00eacher.<\/p>\n<p>H\u00e9las !<\/p>\n<p>Comment ce malheur a-t-il pu se produire ?<\/p>\n<p>Apr\u00e8s le d\u00e9part du jeune homme, la fille du chef a contract\u00e9 une maladie inconnue. Ils ont appel\u00e9 un m\u00e9decin r\u00e9put\u00e9 et lui ont prescrit toutes sortes de m\u00e9dicaments, mais cela n'a pas fonctionn\u00e9.<\/p>\n<p>\u201cOh, j'adorerais le revoir...\u201d<\/p>\n<p>Dix jours avant le jour o\u00f9 le jeune homme avait promis de revenir, la fille du chef mourut. Le centi\u00e8me jour de sa nomination, le jeune homme revint, portant le plus beau palanquin floral du monde, d\u00e9cor\u00e9 de fleurs multicolores. Le jeune homme \u00e9tait le prince du pays.<\/p>\n<p>Le grand prince, qui n'\u00e9tait connu des villageois que par des rumeurs, revint \u00e9pouser la fille du chef comme il l'avait promis 100 jours apr\u00e8s son d\u00e9part. Le prince apprit la triste nouvelle de la bouche du chef et pleura profond\u00e9ment. Il se rendit sur la tombe o\u00f9 dormait sa fianc\u00e9e. Le jeune homme \u00e9tait si triste qu'il prit la tombe dans ses bras et pleura tristement. Deux arbres pouss\u00e8rent \u00e0 c\u00f4t\u00e9 de la tombe. Le jeune homme ch\u00e9rit les deux arbres, les emporta au palais et les planta. Au d\u00e9but de l'\u00e9t\u00e9, de belles fleurs rouges s'\u00e9panouirent sur l'arbre. La fleur fleurit pendant cent jours sans se faner.<\/p>\n<p>\u201cJe comprends maintenant \u00e0 quel point vous m'attendez depuis cent jours.\u201d<\/p>\n<p>\u201cJ'appellerai cet arbre Baegilhong \u2018arbre rouge de 100 jours\u2019. Et je consid\u00e9rerai cette fleur rouge comme un signe de notre amour, de notre amour immuable.\u201d<\/p>\n<p>Cet arbre \u00e0 fleurs, qui fleurit en rouge pendant 100 jours au cours de l'\u00e9t\u00e9 chaud, signifie \u2018amour immuable\u2019.<\/p>\n<\/div>\n\n\n\n\n\t\t\t<\/div> \n\t\t<\/div>\n\t<\/div> \n<\/div><\/div>","protected":false},"excerpt":{"rendered":"Lagerstroemia sprookje Koreaans sprookje Verhaal van 100 dagen rode boom \u201cBaegilhong\u201d Er was eens een enge monsterpython Imugi op een strand. Iedereen die het monster Imugi\u00a0 zag met rode schubben...","protected":false},"author":3,"featured_media":0,"parent":0,"menu_order":0,"comment_status":"closed","ping_status":"closed","template":"","meta":{"_acf_changed":false,"footnotes":""},"class_list":["post-2191","page","type-page","status-publish"],"acf":[],"_links":{"self":[{"href":"https:\/\/sierplant.be\/fr\/wp-json\/wp\/v2\/pages\/2191","targetHints":{"allow":["GET"]}}],"collection":[{"href":"https:\/\/sierplant.be\/fr\/wp-json\/wp\/v2\/pages"}],"about":[{"href":"https:\/\/sierplant.be\/fr\/wp-json\/wp\/v2\/types\/page"}],"author":[{"embeddable":true,"href":"https:\/\/sierplant.be\/fr\/wp-json\/wp\/v2\/users\/3"}],"replies":[{"embeddable":true,"href":"https:\/\/sierplant.be\/fr\/wp-json\/wp\/v2\/comments?post=2191"}],"version-history":[{"count":5,"href":"https:\/\/sierplant.be\/fr\/wp-json\/wp\/v2\/pages\/2191\/revisions"}],"predecessor-version":[{"id":2197,"href":"https:\/\/sierplant.be\/fr\/wp-json\/wp\/v2\/pages\/2191\/revisions\/2197"}],"wp:attachment":[{"href":"https:\/\/sierplant.be\/fr\/wp-json\/wp\/v2\/media?parent=2191"}],"curies":[{"name":"wp","href":"https:\/\/api.w.org\/{rel}","templated":true}]}}