{"id":2679,"date":"2026-01-12T10:25:40","date_gmt":"2026-01-12T10:25:40","guid":{"rendered":"https:\/\/sierplant.be\/?post_type=product&#038;p=2679"},"modified":"2026-03-22T08:21:37","modified_gmt":"2026-03-22T08:21:37","slug":"lagerstroemia-biloxi","status":"publish","type":"product","link":"https:\/\/sierplant.be\/fr\/shop\/lagerstroemia\/lagerstroemia-biloxi\/","title":{"rendered":"Lagerstroemia \u2018Biloxi\u2019"},"content":{"rendered":"","protected":false},"excerpt":{"rendered":"<p><strong>Lagerstroemia indica x fauriei \u2018Biloxi\u2019<\/strong><br \/>\n<span dir=\"auto\">(DR Egolf, HortSci. 22(2) : 336-338. 1987) : Petit arbre \u00e0 feuilles caduques, ascendant, \u00e0 plusieurs tiges, \u00e0 couronne courb\u00e9e, de 6,1 m de haut et 3,6 m de large \u00e0 l'\u00e2ge de 12 ans ; \u00e9corce ondul\u00e9e, marbr\u00e9e et \u00e9caill\u00e9e sur les branches plus \u00e2g\u00e9es.<\/span><span dir=\"auto\">; Feuilles de couleur bronze clair, puis plus clair, brillantes, coriaces, vert fonc\u00e9, elliptiques \u00e0 ovo\u00efdes invers\u00e9s, lisses, de 5-10 cm de long et 3-4 cm de large, jaune fonc\u00e9 \u00e0 rouge orange \u00e0 rouge fonc\u00e9 en automne ; inflorescences ramifi\u00e9es, panicules sph\u00e9riques de 14-20 cm de long, 12-20 cm de large avec 170-325 fleurons ; fleurs rose clair (Red Purple 73C) ; floraison continue, r\u00e9currente ; tr\u00e8s tol\u00e9rant \u00e0 l'o\u00efdium en conditions de plein champ. Issue en 1972 d'un croisement de (\u00a0<\/span><i><span dir=\"auto\">L. indica<\/span><\/i><span dir=\"auto\">\u00a0\u2018Dwarf Red\u2019 \u00d7\u00a0<\/span><i><span dir=\"auto\">L. fauriei<\/span><\/i><span dir=\"auto\">\u00a0) \u00d7 (\u00a0<\/span><i><span dir=\"auto\">L. indica\u00a0<\/span><\/i><b><span dir=\"auto\">\u2018Flamme basse\u2019<\/span><\/b><span dir=\"auto\">\u00a0\u00d7\u00a0<\/span><i><span dir=\"auto\">L. fauriei<\/span><\/i><span dir=\"auto\">\u00a0) ; s\u00e9lectionn\u00e9 en 1977 ; introduit en 1987 par l'US National Arboretum ; NA 54974 ; PI 499820. Nom enregistr\u00e9 le 1er mai 1992. S\u00e9lection de\u00a0<\/span><i><span dir=\"auto\">Lagerstroemia<\/span><\/i><span dir=\"auto\">\u00a0\u00d7\u00a0<\/span><i><span dir=\"auto\">egolfii<\/span><\/i><span dir=\"auto\"> . <em>(Source : <a href=\"https:\/\/www.usna.usda.gov\/science\/icra\/lagerstroemia\/\" target=\"_blank\" rel=\"noopener\">Liste de contr\u00f4le Lagerstroemia USDA\/ARS National Arboretum<\/a> )<\/em><\/span><\/p>","protected":false},"featured_media":2682,"comment_status":"closed","ping_status":"closed","template":"","meta":{"_acf_changed":false},"product_brand":[],"product_cat":[112],"product_tag":[],"class_list":{"0":"post-2679","1":"product","2":"type-product","3":"status-publish","4":"has-post-thumbnail","6":"product_cat-lagerstroemia","8":"first","9":"instock","10":"taxable","11":"shipping-taxable","12":"purchasable","13":"product-type-variable"},"acf":[],"_links":{"self":[{"href":"https:\/\/sierplant.be\/fr\/wp-json\/wp\/v2\/product\/2679","targetHints":{"allow":["GET"]}}],"collection":[{"href":"https:\/\/sierplant.be\/fr\/wp-json\/wp\/v2\/product"}],"about":[{"href":"https:\/\/sierplant.be\/fr\/wp-json\/wp\/v2\/types\/product"}],"replies":[{"embeddable":true,"href":"https:\/\/sierplant.be\/fr\/wp-json\/wp\/v2\/comments?post=2679"}],"wp:featuredmedia":[{"embeddable":true,"href":"https:\/\/sierplant.be\/fr\/wp-json\/wp\/v2\/media\/2682"}],"wp:attachment":[{"href":"https:\/\/sierplant.be\/fr\/wp-json\/wp\/v2\/media?parent=2679"}],"wp:term":[{"taxonomy":"product_brand","embeddable":true,"href":"https:\/\/sierplant.be\/fr\/wp-json\/wp\/v2\/product_brand?post=2679"},{"taxonomy":"product_cat","embeddable":true,"href":"https:\/\/sierplant.be\/fr\/wp-json\/wp\/v2\/product_cat?post=2679"},{"taxonomy":"product_tag","embeddable":true,"href":"https:\/\/sierplant.be\/fr\/wp-json\/wp\/v2\/product_tag?post=2679"}],"curies":[{"name":"wp","href":"https:\/\/api.w.org\/{rel}","templated":true}]}}