{"id":2756,"date":"2026-01-12T14:02:25","date_gmt":"2026-01-12T14:02:25","guid":{"rendered":"https:\/\/sierplant.be\/?post_type=product&#038;p=2756"},"modified":"2026-03-22T16:46:19","modified_gmt":"2026-03-22T16:46:19","slug":"lagerstroemia-eveline-pbr","status":"publish","type":"product","link":"https:\/\/sierplant.be\/fr\/shop\/lagerstroemia\/lagerstroemia-eveline-pbr\/","title":{"rendered":"Lagerstroemia \u2018Eveline\u2019 (PBR)"},"content":{"rendered":"","protected":false},"excerpt":{"rendered":"<p><strong>Lagerstroemia indica \u2018Eveline\u2019 (PBR) (Princesse de Th\u00e9o)<\/strong><br \/>\n<span dir=\"auto\">(Avis de diss\u00e9mination de plantes, 29 avril 2015) : Petite forme arbustive de\u00a0<\/span><i><span dir=\"auto\">L. indica<\/span><\/i><span dir=\"auto\"> qui atteint 2 m\u00e8tres de haut et 1 m\u00e8tre de large au bout de 10 ans. Abondance de fleurs rose pastel au d\u00e9but de l'\u00e9t\u00e9. R\u00e9sistant jusqu'\u00e0 -18\u00b0C. Theo Kuijpers (Pays-Bas). EVELINE (\u00a0<\/span><b><span dir=\"auto\">\u2018Lage01\u2019\u00a0<\/span><\/b><sup><span dir=\"auto\">PBR<\/span><\/sup><span dir=\"auto\"> ) est prot\u00e9g\u00e9 par la l\u00e9gislation europ\u00e9enne sur les obtentions v\u00e9g\u00e9tales sous le num\u00e9ro EU 20150378. Nom enregistr\u00e9 le 11 octobre 2016.<br \/>\n<\/span><\/p>\n<p>Lagerstroemia indica \u2018Eveline\u2019 est une belle plante avec une histoire inspirante.<br \/>\nLe d\u00e9couvreur de la plante a \u00e9t\u00e9 tellement impressionn\u00e9 par sa beaut\u00e9 qu'il lui a donn\u00e9 le nom de sa petite-fille.<br \/>\nEt elle est tr\u00e8s belle ! Eveline\u2018 fleurit abondamment en \u00e9t\u00e9 et en automne avec de grandes fleurs.<br \/>\n\u2018Eveline fait partie de la s\u00e9rie \u2018Princesse de Th\u00e9o\u2019.  En l'achetant, vous soutenez une bonne cause : 10% des recettes de la s\u00e9rie seront revers\u00e9es \u00e0 la Fondation Kika (Enfants sans cancer).<\/p>\n<p><span dir=\"auto\">\u00a0<\/span><\/p>\n<p><span dir=\"auto\">= EVELINE\u00a0<\/span><b><span dir=\"auto\">\u2018Lage01\u2019<\/span><\/b><span dir=\"auto\"> . <em>(Source : <a href=\"https:\/\/www.usna.usda.gov\/science\/icra\/lagerstroemia\/\" target=\"_blank\" rel=\"noopener\">Liste de contr\u00f4le Lagerstroemia USDA\/ARS National Arboretum<\/a> )<\/em><\/span><\/p>","protected":false},"featured_media":2760,"comment_status":"closed","ping_status":"closed","template":"","meta":{"_acf_changed":false},"product_brand":[],"product_cat":[112],"product_tag":[],"class_list":{"0":"post-2756","1":"product","2":"type-product","3":"status-publish","4":"has-post-thumbnail","6":"product_cat-lagerstroemia","8":"first","9":"instock","10":"taxable","11":"shipping-taxable","12":"purchasable","13":"product-type-variable"},"acf":[],"_links":{"self":[{"href":"https:\/\/sierplant.be\/fr\/wp-json\/wp\/v2\/product\/2756","targetHints":{"allow":["GET"]}}],"collection":[{"href":"https:\/\/sierplant.be\/fr\/wp-json\/wp\/v2\/product"}],"about":[{"href":"https:\/\/sierplant.be\/fr\/wp-json\/wp\/v2\/types\/product"}],"replies":[{"embeddable":true,"href":"https:\/\/sierplant.be\/fr\/wp-json\/wp\/v2\/comments?post=2756"}],"wp:featuredmedia":[{"embeddable":true,"href":"https:\/\/sierplant.be\/fr\/wp-json\/wp\/v2\/media\/2760"}],"wp:attachment":[{"href":"https:\/\/sierplant.be\/fr\/wp-json\/wp\/v2\/media?parent=2756"}],"wp:term":[{"taxonomy":"product_brand","embeddable":true,"href":"https:\/\/sierplant.be\/fr\/wp-json\/wp\/v2\/product_brand?post=2756"},{"taxonomy":"product_cat","embeddable":true,"href":"https:\/\/sierplant.be\/fr\/wp-json\/wp\/v2\/product_cat?post=2756"},{"taxonomy":"product_tag","embeddable":true,"href":"https:\/\/sierplant.be\/fr\/wp-json\/wp\/v2\/product_tag?post=2756"}],"curies":[{"name":"wp","href":"https:\/\/api.w.org\/{rel}","templated":true}]}}