{"id":2821,"date":"2026-01-13T08:29:58","date_gmt":"2026-01-13T08:29:58","guid":{"rendered":"https:\/\/sierplant.be\/?post_type=product&#038;p=2821"},"modified":"2026-03-07T06:47:32","modified_gmt":"2026-03-07T06:47:32","slug":"lagerstroemia-rhapsody-in-pink","status":"publish","type":"product","link":"https:\/\/sierplant.be\/fr\/shop\/lagerstroemia\/lagerstroemia-rhapsody-in-pink\/","title":{"rendered":"Lagerstroemia \u2018Rhapsody in Pink\u2019 (Rhapsodie en rose)\u2019"},"content":{"rendered":"","protected":false},"excerpt":{"rendered":"<p><strong>Lagerstroemia indica \u2018Rhapsody in Pink\u2019 (Rhapsodie en rose)\u2019<span dir=\"auto\">\u00ae.<br \/>\n<\/span><\/strong><b><span dir=\"auto\">\u2018Whit VIII\u2019<\/span><\/b><span dir=\"auto\">\u00a0(Brevet d'invention am\u00e9ricain n\u00b0 16 616) : Arbuste \u00e0 feuilles caduques, dress\u00e9 \u00e0 petit arbre, de 3 \u00e0 4,5 m\u00e8tres de haut et de 2,4 \u00e0 3 m\u00e8tres de large ; feuilles de 2,5 \u00e0 7 cm de long et de 1,3 \u00e0 3,8 cm de large, les jeunes feuilles \u00e9mergent gris-pourpre 187A sur le dessus et le dessous, devenant jaune-vert 147A sur le dessus et jaune-vert 147A ou 147B sur le dessous ; inflorescences de 10 \u00e0 50 cm de haut et de 10 \u00e0 40 cm de large, fleurs de 1,9 \u00e0 4,5 cm de large, gris-pourpre 186B ou 186C ou 185D ou rouge-pourpre 64D. (Spring Meadow Nursery, Inc. Starter Plants Catalog and Shrub Reference, 2010-2011) : \u201cUn aspect unique et frappant dans le jardin avec des fleurs rose tendre sur un feuillage presque pourpre. Les nouvelles pousses sont presque pourpres et restent pr\u00e9sentes pendant la majeure partie de la saison. Forme \u00e9rig\u00e9e. Grande r\u00e9sistance \u00e0 l'o\u00efdium. USDA 7 (6), AHS 12, 3-3,5 m\u00e8tres\u201d. Nomm\u00e9 et introduit par Carl Whitcomb. Nom enregistr\u00e9 le 28 janvier 2014.<\/span><\/p>\n<p><span dir=\"auto\">=\u00a0<\/span><b><span dir=\"auto\">\u2018Whit VIII\u2019<\/span><\/b><span dir=\"auto\"> RHAPSODY IN PINK\u00ae.\u00a0 <em>(Source : <a href=\"https:\/\/www.usna.usda.gov\/science\/icra\/lagerstroemia\/\" target=\"_blank\" rel=\"noopener\">Liste de contr\u00f4le Lagerstroemia USDA\/ARS National Arboretum<\/a> )<\/em><\/span><\/p>","protected":false},"featured_media":2825,"comment_status":"closed","ping_status":"closed","template":"","meta":{"_acf_changed":false},"product_brand":[],"product_cat":[112],"product_tag":[],"class_list":{"0":"post-2821","1":"product","2":"type-product","3":"status-publish","4":"has-post-thumbnail","6":"product_cat-lagerstroemia","8":"first","9":"instock","10":"taxable","11":"shipping-taxable","12":"purchasable","13":"product-type-variable"},"acf":[],"_links":{"self":[{"href":"https:\/\/sierplant.be\/fr\/wp-json\/wp\/v2\/product\/2821","targetHints":{"allow":["GET"]}}],"collection":[{"href":"https:\/\/sierplant.be\/fr\/wp-json\/wp\/v2\/product"}],"about":[{"href":"https:\/\/sierplant.be\/fr\/wp-json\/wp\/v2\/types\/product"}],"replies":[{"embeddable":true,"href":"https:\/\/sierplant.be\/fr\/wp-json\/wp\/v2\/comments?post=2821"}],"wp:featuredmedia":[{"embeddable":true,"href":"https:\/\/sierplant.be\/fr\/wp-json\/wp\/v2\/media\/2825"}],"wp:attachment":[{"href":"https:\/\/sierplant.be\/fr\/wp-json\/wp\/v2\/media?parent=2821"}],"wp:term":[{"taxonomy":"product_brand","embeddable":true,"href":"https:\/\/sierplant.be\/fr\/wp-json\/wp\/v2\/product_brand?post=2821"},{"taxonomy":"product_cat","embeddable":true,"href":"https:\/\/sierplant.be\/fr\/wp-json\/wp\/v2\/product_cat?post=2821"},{"taxonomy":"product_tag","embeddable":true,"href":"https:\/\/sierplant.be\/fr\/wp-json\/wp\/v2\/product_tag?post=2821"}],"curies":[{"name":"wp","href":"https:\/\/api.w.org\/{rel}","templated":true}]}}