{"id":2933,"date":"2026-01-13T16:11:18","date_gmt":"2026-01-13T16:11:18","guid":{"rendered":"https:\/\/sierplant.be\/?post_type=product&#038;p=2933"},"modified":"2026-03-07T06:47:37","modified_gmt":"2026-03-07T06:47:37","slug":"lagerstroemia-plum-magic","status":"publish","type":"product","link":"https:\/\/sierplant.be\/fr\/shop\/lagerstroemia\/lagerstroemia-plum-magic\/","title":{"rendered":"Lagerstroemia \u2018Plum Magic\u2019 (prune magique)\u2019"},"content":{"rendered":"","protected":false},"excerpt":{"rendered":"<p><strong>Lagerstroemia indica \u2018Plum Magic\u2019<\/strong><br \/>\n<span dir=\"auto\">(brevet v\u00e9g\u00e9tal am\u00e9ricain n\u00b0 23,518) : Arbuste compact \u00e0 feuilles caduques atteignant 105 cm de haut et 95 cm de large apr\u00e8s 4 ans ; feuilles de 40 mm de long et 22 mm de large, les jeunes feuilles \u00e9mergent en gris-pourpre 187A sur le dessus et en gris-pourpre 187C sur le dessous, et deviennent gris-vert 189A sur le dessus et jaune-vert 146B sur le dessous ; inflorescences de 11 cm de long et 7 cm de large, fleurs de 20 mm de long et 30 mm de large, \u00e9mergeant et devenant rouge-pourpre 71B \u00e0 maturit\u00e9. Issue de semences \u00e0 pollinisation ouverte de\u00a0<\/span><b><span dir=\"auto\">\u2018Gamad VI\u2019<\/span><\/b><span dir=\"auto\"> . (Catalogue Griffith Propagation Nursery Inc., 2014) : \u201c (1,8-2,4 m) (Zone 6) Les nouvelles pousses d'un beau pourpre prune passent au vert gris sur un arbuste au port moyen, dress\u00e9 et arrondi. Les fleurs sont rose fuchsia. Les fleurs fan\u00e9es peuvent \u00eatre enlev\u00e9es et la plante refleurit apr\u00e8s environ 4 semaines\u201d. Nomm\u00e9e et introduite par Joshua Kardos. Nom enregistr\u00e9 le 24 janvier 2014. <em>(Source : <a href=\"https:\/\/www.usna.usda.gov\/science\/icra\/lagerstroemia\/\" target=\"_blank\" rel=\"noopener\">Liste de contr\u00f4le Lagerstroemia USDA\/ARS National Arboretum<\/a> )<\/em><\/span><\/p>","protected":false},"featured_media":2937,"comment_status":"closed","ping_status":"closed","template":"","meta":{"_acf_changed":false},"product_brand":[],"product_cat":[112],"product_tag":[],"class_list":{"0":"post-2933","1":"product","2":"type-product","3":"status-publish","4":"has-post-thumbnail","6":"product_cat-lagerstroemia","8":"first","9":"instock","10":"taxable","11":"shipping-taxable","12":"purchasable","13":"product-type-variable"},"acf":[],"_links":{"self":[{"href":"https:\/\/sierplant.be\/fr\/wp-json\/wp\/v2\/product\/2933","targetHints":{"allow":["GET"]}}],"collection":[{"href":"https:\/\/sierplant.be\/fr\/wp-json\/wp\/v2\/product"}],"about":[{"href":"https:\/\/sierplant.be\/fr\/wp-json\/wp\/v2\/types\/product"}],"replies":[{"embeddable":true,"href":"https:\/\/sierplant.be\/fr\/wp-json\/wp\/v2\/comments?post=2933"}],"wp:featuredmedia":[{"embeddable":true,"href":"https:\/\/sierplant.be\/fr\/wp-json\/wp\/v2\/media\/2937"}],"wp:attachment":[{"href":"https:\/\/sierplant.be\/fr\/wp-json\/wp\/v2\/media?parent=2933"}],"wp:term":[{"taxonomy":"product_brand","embeddable":true,"href":"https:\/\/sierplant.be\/fr\/wp-json\/wp\/v2\/product_brand?post=2933"},{"taxonomy":"product_cat","embeddable":true,"href":"https:\/\/sierplant.be\/fr\/wp-json\/wp\/v2\/product_cat?post=2933"},{"taxonomy":"product_tag","embeddable":true,"href":"https:\/\/sierplant.be\/fr\/wp-json\/wp\/v2\/product_tag?post=2933"}],"curies":[{"name":"wp","href":"https:\/\/api.w.org\/{rel}","templated":true}]}}