{"id":3034,"date":"2026-01-16T11:02:28","date_gmt":"2026-01-16T11:02:28","guid":{"rendered":"https:\/\/sierplant.be\/?post_type=product&#038;p=3034"},"modified":"2026-03-07T06:56:50","modified_gmt":"2026-03-07T06:56:50","slug":"lagerstroemia-centennial-spirit","status":"publish","type":"product","link":"https:\/\/sierplant.be\/fr\/shop\/lagerstroemia\/lagerstroemia-centennial-spirit\/","title":{"rendered":"Lagerstroemia \u2018Centennial Spirit\u2019 (esprit du centenaire)\u2019"},"content":{"rendered":"","protected":false},"excerpt":{"rendered":"<p><strong>Lagerstroemia indica Centennial Spirit<\/strong><\/p>\n<p><span dir=\"auto\">(Carl E. Whitcomb, HortSci. 20(6) : 1144-1145. 1985) : Arbuste ou petit arbre vigoureux et \u00e9rig\u00e9, avec peu de branches ou de pousses secondaires ; feuilles plus petites et plus \u00e9paisses que la moyenne de l'esp\u00e8ce, vert fonc\u00e9 et rouge-orange en automne ; inflorescences grandes, fortement \u00e9rig\u00e9es, de 20-30 cm de long et 10-20 cm de large ; les p\u00e9tales individuels sont rouge vin fonc\u00e9 (Spiraea Red ; Royal Horticulture Society Colour Chart #025) et se d\u00e9colorent \u00e0 peine avec l'\u00e2ge ; a montr\u00e9 une r\u00e9sistance constante \u00e0 l'o\u00efdium dans des conditions de jardin et de culture en pot. N\u00e9 en 1981 d'un semis \u00e0 pollinisation libre d'une vari\u00e9t\u00e9 F1- <\/span><sub><span dir=\"auto\">g\u00e9n\u00e9ration<\/span><\/sub><span dir=\"auto\">\u00a0de\u00a0<\/span><i><span dir=\"auto\">L. indica<\/span><\/i><span dir=\"auto\"> trait\u00e9 avec le mutag\u00e8ne EMS (\u00e9thyl m\u00e9thane sulfonate) ; introduit en 1985 par l'Oklahoma Agriculture Experiment Station, Oklahoma State University. Brevet de plante #6383. <em>(Source : <a href=\"https:\/\/www.usna.usda.gov\/science\/icra\/lagerstroemia\/\" target=\"_blank\" rel=\"noopener\">Liste de contr\u00f4le Lagerstroemia USDA\/ARS National Arboretum<\/a> )<\/em><\/span><\/p>","protected":false},"featured_media":2979,"comment_status":"closed","ping_status":"closed","template":"","meta":{"_acf_changed":false},"product_brand":[],"product_cat":[112],"product_tag":[],"class_list":{"0":"post-3034","1":"product","2":"type-product","3":"status-publish","4":"has-post-thumbnail","6":"product_cat-lagerstroemia","8":"first","9":"instock","10":"taxable","11":"shipping-taxable","12":"purchasable","13":"product-type-variable"},"acf":[],"_links":{"self":[{"href":"https:\/\/sierplant.be\/fr\/wp-json\/wp\/v2\/product\/3034","targetHints":{"allow":["GET"]}}],"collection":[{"href":"https:\/\/sierplant.be\/fr\/wp-json\/wp\/v2\/product"}],"about":[{"href":"https:\/\/sierplant.be\/fr\/wp-json\/wp\/v2\/types\/product"}],"replies":[{"embeddable":true,"href":"https:\/\/sierplant.be\/fr\/wp-json\/wp\/v2\/comments?post=3034"}],"wp:featuredmedia":[{"embeddable":true,"href":"https:\/\/sierplant.be\/fr\/wp-json\/wp\/v2\/media\/2979"}],"wp:attachment":[{"href":"https:\/\/sierplant.be\/fr\/wp-json\/wp\/v2\/media?parent=3034"}],"wp:term":[{"taxonomy":"product_brand","embeddable":true,"href":"https:\/\/sierplant.be\/fr\/wp-json\/wp\/v2\/product_brand?post=3034"},{"taxonomy":"product_cat","embeddable":true,"href":"https:\/\/sierplant.be\/fr\/wp-json\/wp\/v2\/product_cat?post=3034"},{"taxonomy":"product_tag","embeddable":true,"href":"https:\/\/sierplant.be\/fr\/wp-json\/wp\/v2\/product_tag?post=3034"}],"curies":[{"name":"wp","href":"https:\/\/api.w.org\/{rel}","templated":true}]}}