{"id":3077,"date":"2026-01-17T09:06:12","date_gmt":"2026-01-17T09:06:12","guid":{"rendered":"https:\/\/sierplant.be\/?post_type=product&#038;p=3077"},"modified":"2026-03-07T06:49:52","modified_gmt":"2026-03-07T06:49:52","slug":"lagerstroemia-midnight-magic","status":"publish","type":"product","link":"https:\/\/sierplant.be\/fr\/shop\/lagerstroemia\/lagerstroemia-midnight-magic\/","title":{"rendered":"Lagerstroemia \u2018Midnight Magic\u2019 (Magie de minuit)\u2019"},"content":{"rendered":"","protected":false},"excerpt":{"rendered":"<p><strong>Lagerstroemia indica Midnight Magic<br \/>\n<\/strong><b><span dir=\"auto\">\u2018PIILAG-V\u2019<\/span><\/b><span dir=\"auto\">\u00a0(brevet am\u00e9ricain no 25,925) : Arbuste compact \u00e0 feuilles caduques atteignant 112 cm de haut et 86 cm de large apr\u00e8s deux ans et demi ; feuilles de 3,9 cm de long et 2,5 cm de large, les jeunes feuilles \u00e9mergent en rouge fonc\u00e9 187B sur le dessus et en rouge fonc\u00e9 185A sur le dessous ; inflorescences de 11,2 cm de long et 8,9 cm de large, fleurs de 2,1 cm de haut et 2,8 cm de large, \u00e9mergent et m\u00fbrissent en rouge pourpre vif N57C. Issue de semences \u00e0 pollinisation ouverte de\u00a0<\/span><b><span dir=\"auto\">\u2018Chocolat Moka\u2019<\/span><\/b><span dir=\"auto\">\u00a0en 2010. (Catalogue Griffith Propagation Nursery Inc., 2014) : \u201c(120-180 cm de haut x 120-180 cm de large) Beau feuillage brun pourpre et marron et fleurs rose fonc\u00e9 abondantes. Port compact et arrondi ; fleurs de juillet \u00e0 septembre. Les feuilles conservent leur couleur m\u00eame sous notre chaleur. Bonne r\u00e9sistance \u00e0 la maladie des taches foliaires et au mildiou. Encore une nouvelle s\u00e9lection de Plant Introductions, Inc.\u201d Nomm\u00e9e et introduite par Josh Kardos et Plant Introductions, Inc. Nom enregistr\u00e9 le 28 janvier 2014.<\/span><\/p>\n<p><span dir=\"auto\">=\u00a0<\/span><b><span dir=\"auto\">\u2018PIILAG-V\u2019<\/span><\/b><span dir=\"auto\"> MIDNIGHT MAGIC\u2122. <em>(Source : <a href=\"https:\/\/www.usna.usda.gov\/science\/icra\/lagerstroemia\/\" target=\"_blank\" rel=\"noopener\">Liste de contr\u00f4le Lagerstroemia USDA\/ARS National Arboretum<\/a> )<\/em><\/span><\/p>","protected":false},"featured_media":3079,"comment_status":"closed","ping_status":"closed","template":"","meta":{"_acf_changed":false},"product_brand":[],"product_cat":[112],"product_tag":[],"class_list":{"0":"post-3077","1":"product","2":"type-product","3":"status-publish","4":"has-post-thumbnail","6":"product_cat-lagerstroemia","8":"first","9":"instock","10":"taxable","11":"shipping-taxable","12":"purchasable","13":"product-type-variable"},"acf":[],"_links":{"self":[{"href":"https:\/\/sierplant.be\/fr\/wp-json\/wp\/v2\/product\/3077","targetHints":{"allow":["GET"]}}],"collection":[{"href":"https:\/\/sierplant.be\/fr\/wp-json\/wp\/v2\/product"}],"about":[{"href":"https:\/\/sierplant.be\/fr\/wp-json\/wp\/v2\/types\/product"}],"replies":[{"embeddable":true,"href":"https:\/\/sierplant.be\/fr\/wp-json\/wp\/v2\/comments?post=3077"}],"wp:featuredmedia":[{"embeddable":true,"href":"https:\/\/sierplant.be\/fr\/wp-json\/wp\/v2\/media\/3079"}],"wp:attachment":[{"href":"https:\/\/sierplant.be\/fr\/wp-json\/wp\/v2\/media?parent=3077"}],"wp:term":[{"taxonomy":"product_brand","embeddable":true,"href":"https:\/\/sierplant.be\/fr\/wp-json\/wp\/v2\/product_brand?post=3077"},{"taxonomy":"product_cat","embeddable":true,"href":"https:\/\/sierplant.be\/fr\/wp-json\/wp\/v2\/product_cat?post=3077"},{"taxonomy":"product_tag","embeddable":true,"href":"https:\/\/sierplant.be\/fr\/wp-json\/wp\/v2\/product_tag?post=3077"}],"curies":[{"name":"wp","href":"https:\/\/api.w.org\/{rel}","templated":true}]}}