{"id":3256,"date":"2026-02-11T12:31:47","date_gmt":"2026-02-11T12:31:47","guid":{"rendered":"https:\/\/sierplant.be\/?post_type=product&#038;p=3256"},"modified":"2026-03-07T06:53:46","modified_gmt":"2026-03-07T06:53:46","slug":"lagerstroemia-kiowa","status":"publish","type":"product","link":"https:\/\/sierplant.be\/fr\/shop\/lagerstroemia\/lagerstroemia-kiowa\/","title":{"rendered":"Lagerstroemia \u2018Kiowa\u2019"},"content":{"rendered":"","protected":false},"excerpt":{"rendered":"<p><strong>Lagerstroemia fauriei \u2018Kiowa\u2019<br \/>\n<\/strong><span dir=\"auto\">(MR Pooler et RL Dix, HortSci. 34(2):361-363. 1999) : Arbre \u00e0 feuilles caduques, \u00e0 plusieurs tiges, qui a atteint une hauteur de 8,0 m et une largeur de 7,5 m en 30 ans. L'\u00e9corce se d\u00e9tache sur les troncs sinueux et les branches plus \u00e2g\u00e9es, r\u00e9v\u00e9lant un tronc brun cannelle brillant (Greyed Orange 166B\u00a0<sup>3<\/sup>\u00a0). Les feuilles sont elliptiques, vert fonc\u00e9 (vert 137A), longues de 7,5 \u00e0 10,5 cm et larges de 3,9 \u00e0 4,6 cm, et prennent une couleur automnale jaune (jaune orang\u00e9 20A \u00e0 orange gris\u00e9 163B). Les inflorescences blanches sont des panicules terminales de 9 \u00e0 13,5 cm de long et de 8,5 \u00e0 14 cm de large, qui apparaissent \u00e0 la fin du mois de juin ou au d\u00e9but du mois de juillet. Cette plante est r\u00e9sistante \u00e0 l'o\u00efdium et a une rusticit\u00e9 class\u00e9e dans la zone 7 de l'USDA, peut-\u00eatre m\u00eame jusqu'\u00e0 la zone 6. La plante provient d'un envoi de neuf boutures d'un cultivateur sans nom.\u00a0<i>L. fauriei,<\/i>\u00a0re\u00e7u de Dr Y. Tachibana, Jardin botanique d'Osaka, Universit\u00e9 de la ville d'Osaka, Pr\u00e9fecture d'Osaka, Japon, en 1968 (PI 326424). La plante a \u00e9t\u00e9 initialement \u00e9valu\u00e9e sur les terrains de l'US National Arboretum et s\u00e9lectionn\u00e9e par M. Egolf ; introduite en 1994 par l'US National Arboretum ; NA 63419 ; PI 583789. Nom enregistr\u00e9 le 30 novembre 1994.<\/span><\/p>\n<p><em>(Source :\u00a0<a href=\"https:\/\/www.usna.usda.gov\/science\/icra\/lagerstroemia\/\" target=\"_blank\" rel=\"noopener\">Liste de contr\u00f4le Lagerstroemia USDA\/ARS National Arboretum<\/a>\u00a0)<\/em><\/p>","protected":false},"featured_media":2976,"comment_status":"closed","ping_status":"closed","template":"","meta":{"_acf_changed":false},"product_brand":[],"product_cat":[112],"product_tag":[],"class_list":{"0":"post-3256","1":"product","2":"type-product","3":"status-publish","4":"has-post-thumbnail","6":"product_cat-lagerstroemia","8":"first","9":"outofstock","10":"taxable","11":"shipping-taxable","12":"product-type-variable"},"acf":[],"_links":{"self":[{"href":"https:\/\/sierplant.be\/fr\/wp-json\/wp\/v2\/product\/3256","targetHints":{"allow":["GET"]}}],"collection":[{"href":"https:\/\/sierplant.be\/fr\/wp-json\/wp\/v2\/product"}],"about":[{"href":"https:\/\/sierplant.be\/fr\/wp-json\/wp\/v2\/types\/product"}],"replies":[{"embeddable":true,"href":"https:\/\/sierplant.be\/fr\/wp-json\/wp\/v2\/comments?post=3256"}],"wp:featuredmedia":[{"embeddable":true,"href":"https:\/\/sierplant.be\/fr\/wp-json\/wp\/v2\/media\/2976"}],"wp:attachment":[{"href":"https:\/\/sierplant.be\/fr\/wp-json\/wp\/v2\/media?parent=3256"}],"wp:term":[{"taxonomy":"product_brand","embeddable":true,"href":"https:\/\/sierplant.be\/fr\/wp-json\/wp\/v2\/product_brand?post=3256"},{"taxonomy":"product_cat","embeddable":true,"href":"https:\/\/sierplant.be\/fr\/wp-json\/wp\/v2\/product_cat?post=3256"},{"taxonomy":"product_tag","embeddable":true,"href":"https:\/\/sierplant.be\/fr\/wp-json\/wp\/v2\/product_tag?post=3256"}],"curies":[{"name":"wp","href":"https:\/\/api.w.org\/{rel}","templated":true}]}}