{"id":3272,"date":"2026-02-12T13:59:17","date_gmt":"2026-02-12T13:59:17","guid":{"rendered":"https:\/\/sierplant.be\/?post_type=product&#038;p=3272"},"modified":"2026-03-07T07:00:34","modified_gmt":"2026-03-07T07:00:34","slug":"lagerstroemia-snow-dazzle","status":"publish","type":"product","link":"https:\/\/sierplant.be\/fr\/shop\/lagerstroemia\/lagerstroemia-snow-dazzle\/","title":{"rendered":"Lagerstroemia \u2018Snow Dazzle\u2019 (\u00c9clat de neige)\u2019"},"content":{"rendered":"","protected":false},"excerpt":{"rendered":"<p><strong>Lagerstroemia indica Snow Dazzle<br \/>\n<\/strong><span dir=\"auto\"><b>\u2018Gamad III\u2019<\/b>(Communiqu\u00e9 de presse Razzle Dazzle Dwarf Crapemyrtle Series, McCorkle Nurseries, Inc., Marietta, GA, printemps 2006). (Brevet d'invention am\u00e9ricain n\u00b0 17 171) : Arbuste compact \u00e0 feuilles caduques pouvant atteindre 51 cm de haut et 64 cm de large apr\u00e8s 3 ans ; feuilles de 43 mm de long et 15 mm de large, jeunes feuilles gris-orange 175A avec une marge gris-violet 183A, feuilles adultes vertes 139A sur le dessus et jaune-vert 146A sur le dessous ; inflorescences de 7,2 cm de long et 6,0 cm de large avec 20 \u00e0 30 fleurs par inflorescence, fleurs de 16 mm de long et 24 mm de large \u00e9mergeant et m\u00fbrissant en blanc 155D, s'estompant en rouge-violet 65D ; provient de graines \u00e0 pollinisation ouverte de\u00a0<\/span><b><span dir=\"auto\">\u2018Gamad V\u2019<\/span><\/b><span dir=\"auto\"> (DAZZLE ME PINK\u2122). (Monrovia Nursery Co. Azusa, CA. Catalogue 2013) : Fleurs blanches. Nain, port compact, croissance lente, 60 \u00e0 90 cm de haut, 60 \u00e0 90 cm de large. Nomm\u00e9 et introduit en 2006 par Michael Dirr. Nom enregistr\u00e9 le 15 janvier 2014.\u00a0 <em>(Source : <a href=\"https:\/\/www.usna.usda.gov\/science\/icra\/lagerstroemia\/\" target=\"_blank\" rel=\"noopener\">Liste de contr\u00f4le Lagerstroemia USDA\/ARS National Arboretum<\/a> )<\/em><\/span><\/p>\n<p>(Il ne fleurit pratiquement pas en Belgique).<\/p>","protected":false},"featured_media":3274,"comment_status":"closed","ping_status":"closed","template":"","meta":{"_acf_changed":false},"product_brand":[],"product_cat":[112],"product_tag":[],"class_list":{"0":"post-3272","1":"product","2":"type-product","3":"status-publish","4":"has-post-thumbnail","6":"product_cat-lagerstroemia","8":"first","9":"outofstock","10":"taxable","11":"shipping-taxable","12":"product-type-variable"},"acf":[],"_links":{"self":[{"href":"https:\/\/sierplant.be\/fr\/wp-json\/wp\/v2\/product\/3272","targetHints":{"allow":["GET"]}}],"collection":[{"href":"https:\/\/sierplant.be\/fr\/wp-json\/wp\/v2\/product"}],"about":[{"href":"https:\/\/sierplant.be\/fr\/wp-json\/wp\/v2\/types\/product"}],"replies":[{"embeddable":true,"href":"https:\/\/sierplant.be\/fr\/wp-json\/wp\/v2\/comments?post=3272"}],"wp:featuredmedia":[{"embeddable":true,"href":"https:\/\/sierplant.be\/fr\/wp-json\/wp\/v2\/media\/3274"}],"wp:attachment":[{"href":"https:\/\/sierplant.be\/fr\/wp-json\/wp\/v2\/media?parent=3272"}],"wp:term":[{"taxonomy":"product_brand","embeddable":true,"href":"https:\/\/sierplant.be\/fr\/wp-json\/wp\/v2\/product_brand?post=3272"},{"taxonomy":"product_cat","embeddable":true,"href":"https:\/\/sierplant.be\/fr\/wp-json\/wp\/v2\/product_cat?post=3272"},{"taxonomy":"product_tag","embeddable":true,"href":"https:\/\/sierplant.be\/fr\/wp-json\/wp\/v2\/product_tag?post=3272"}],"curies":[{"name":"wp","href":"https:\/\/api.w.org\/{rel}","templated":true}]}}