{"id":3275,"date":"2026-02-12T14:11:46","date_gmt":"2026-02-12T14:11:46","guid":{"rendered":"https:\/\/sierplant.be\/?post_type=product&#038;p=3275"},"modified":"2026-03-13T13:24:53","modified_gmt":"2026-03-13T13:24:53","slug":"lagerstroemia-strawberry-dazzle","status":"publish","type":"product","link":"https:\/\/sierplant.be\/fr\/shop\/lagerstroemia\/lagerstroemia-strawberry-dazzle\/","title":{"rendered":"Lagerstroemia \u2018Strawberry Dazzle\u2019 (fraise \u00e9blouissante)\u2019"},"content":{"rendered":"","protected":false},"excerpt":{"rendered":"<p><strong>Lagerstroemia indica x fauriei Strawberry Dazzle<br \/>\n<\/strong><\/p>\n<p><b><span dir=\"auto\">\u2018Gamad VII\u2019<\/span><\/b><span dir=\"auto\">\u00a0(Brevet d'invention am\u00e9ricain n\u00b0 22 199) : Arbuste compact \u00e0 feuilles caduques atteignant 97 cm de haut et 142 cm de large apr\u00e8s 9 ans ; feuilles de 45,7 mm de long et 17,6 mm de large, les jeunes feuilles \u00e9mergent en gris-orange 176B sur le dessus et le dessous, les feuilles adultes sont vertes 139A sur le dessus et vertes 137C sur le dessous ; inflorescences de 12 \u00e0 15 cm de long et 8 \u00e0 10 cm de large, fleurs de 18,8 mm de long et 13,2 mm de large, \u00e9mergeant, m\u00fbrissant et devenant rouge-pourpre 68B. Issue de semences \u00e0 pollinisation ouverte de\u00a0<\/span><b><span dir=\"auto\">\u2018Pocomoke\u2019<\/span><\/b><span dir=\"auto\">\u00a0. (Catalogue Griffith Propagation Nursery Inc., 2014) : \u201c (90 cm x 120 cm de haut) (Zone 6) Impressionnant en floraison avec de belles fleurs rose fonc\u00e9 en juillet. Un port \u00e9tag\u00e9 et arqu\u00e9 et des feuilles \u00e9troites et oblongues apportent de la texture et une excellente floribondit\u00e9. Couleur rouge-orange \u00e0 l'automne\u201d. Nomm\u00e9 et introduit par Michael Dirr. Nom enregistr\u00e9 le 24 janvier 2014.<\/span><\/p>\n<p><span dir=\"auto\">= SWEETHEART DAZZLE\u2122.<\/span><\/p>\n<p><span dir=\"auto\"> <em>(Source : <a href=\"https:\/\/www.usna.usda.gov\/science\/icra\/lagerstroemia\/\" target=\"_blank\" rel=\"noopener\">Liste de contr\u00f4le Lagerstroemia USDA\/ARS National Arboretum<\/a> )<\/em><\/span><strong><br \/>\n<\/strong><\/p>","protected":false},"featured_media":3278,"comment_status":"closed","ping_status":"closed","template":"","meta":{"_acf_changed":false},"product_brand":[],"product_cat":[112],"product_tag":[],"class_list":{"0":"post-3275","1":"product","2":"type-product","3":"status-publish","4":"has-post-thumbnail","6":"product_cat-lagerstroemia","8":"first","9":"outofstock","10":"taxable","11":"shipping-taxable","12":"product-type-variable"},"acf":[],"_links":{"self":[{"href":"https:\/\/sierplant.be\/fr\/wp-json\/wp\/v2\/product\/3275","targetHints":{"allow":["GET"]}}],"collection":[{"href":"https:\/\/sierplant.be\/fr\/wp-json\/wp\/v2\/product"}],"about":[{"href":"https:\/\/sierplant.be\/fr\/wp-json\/wp\/v2\/types\/product"}],"replies":[{"embeddable":true,"href":"https:\/\/sierplant.be\/fr\/wp-json\/wp\/v2\/comments?post=3275"}],"wp:featuredmedia":[{"embeddable":true,"href":"https:\/\/sierplant.be\/fr\/wp-json\/wp\/v2\/media\/3278"}],"wp:attachment":[{"href":"https:\/\/sierplant.be\/fr\/wp-json\/wp\/v2\/media?parent=3275"}],"wp:term":[{"taxonomy":"product_brand","embeddable":true,"href":"https:\/\/sierplant.be\/fr\/wp-json\/wp\/v2\/product_brand?post=3275"},{"taxonomy":"product_cat","embeddable":true,"href":"https:\/\/sierplant.be\/fr\/wp-json\/wp\/v2\/product_cat?post=3275"},{"taxonomy":"product_tag","embeddable":true,"href":"https:\/\/sierplant.be\/fr\/wp-json\/wp\/v2\/product_tag?post=3275"}],"curies":[{"name":"wp","href":"https:\/\/api.w.org\/{rel}","templated":true}]}}