{"id":3329,"date":"2026-02-13T14:48:37","date_gmt":"2026-02-13T14:48:37","guid":{"rendered":"https:\/\/sierplant.be\/?post_type=product&#038;p=3329"},"modified":"2026-03-07T06:50:30","modified_gmt":"2026-03-07T06:50:30","slug":"lagerstroemia-mardi-gras","status":"publish","type":"product","link":"https:\/\/sierplant.be\/fr\/shop\/lagerstroemia\/lagerstroemia-mardi-gras\/","title":{"rendered":"Lagerstroemia \u2018Mardi Gras\u2019"},"content":{"rendered":"","protected":false},"excerpt":{"rendered":"<p><strong>Lagerstroemia indica \u2018Mardi Gras\u2019<\/strong><br \/>\n<span dir=\"auto\">\u00a0(Ornamentals South 4(3) : 13-14. Avril 1982) : crapemyrtle miniature \u00e0 fleurs pourpres ; floraison tardive (apr\u00e8s le 15 juin) ; nouveau type de feuillage. (Hines Nurs. Co., Santa Ana, CA. p. 43 : 1988) : Pourpre. Pat. Pend. (s\u00e9rie Dixie). Miniature, pleureuse. Introduction exclusive de Hines. (David Chopin, Washington, PA. Variety Listing and Descriptions, non dat\u00e9, inclus dans la communication personnelle \u00e0 David Byers, 11 mai 1995) : Couleur : pourpre. Hauteur : 2-3\u2019. Meilleures utilisations : Plante inhabituelle qui a tendance \u00e0 pousser vers le haut, puis les branches commencent \u00e0 tomber en cascade vers le bas, ce que nous appelons un \u201cpleureur ovale\u201d. <em>(Source : <a href=\"https:\/\/www.usna.usda.gov\/science\/icra\/lagerstroemia\/\" target=\"_blank\" rel=\"noopener\">Liste de contr\u00f4le Lagerstroemia USDA\/ARS National Arboretum<\/a> )<\/em><\/span><\/p>","protected":false},"featured_media":3333,"comment_status":"closed","ping_status":"closed","template":"","meta":{"_acf_changed":false},"product_brand":[],"product_cat":[112],"product_tag":[],"class_list":{"0":"post-3329","1":"product","2":"type-product","3":"status-publish","4":"has-post-thumbnail","6":"product_cat-lagerstroemia","8":"first","9":"outofstock","10":"taxable","11":"shipping-taxable","12":"product-type-variable"},"acf":[],"_links":{"self":[{"href":"https:\/\/sierplant.be\/fr\/wp-json\/wp\/v2\/product\/3329","targetHints":{"allow":["GET"]}}],"collection":[{"href":"https:\/\/sierplant.be\/fr\/wp-json\/wp\/v2\/product"}],"about":[{"href":"https:\/\/sierplant.be\/fr\/wp-json\/wp\/v2\/types\/product"}],"replies":[{"embeddable":true,"href":"https:\/\/sierplant.be\/fr\/wp-json\/wp\/v2\/comments?post=3329"}],"wp:featuredmedia":[{"embeddable":true,"href":"https:\/\/sierplant.be\/fr\/wp-json\/wp\/v2\/media\/3333"}],"wp:attachment":[{"href":"https:\/\/sierplant.be\/fr\/wp-json\/wp\/v2\/media?parent=3329"}],"wp:term":[{"taxonomy":"product_brand","embeddable":true,"href":"https:\/\/sierplant.be\/fr\/wp-json\/wp\/v2\/product_brand?post=3329"},{"taxonomy":"product_cat","embeddable":true,"href":"https:\/\/sierplant.be\/fr\/wp-json\/wp\/v2\/product_cat?post=3329"},{"taxonomy":"product_tag","embeddable":true,"href":"https:\/\/sierplant.be\/fr\/wp-json\/wp\/v2\/product_tag?post=3329"}],"curies":[{"name":"wp","href":"https:\/\/api.w.org\/{rel}","templated":true}]}}